{"id":3372,"date":"2024-05-17T04:24:20","date_gmt":"2024-05-17T04:24:20","guid":{"rendered":"https:\/\/adn-paraguay.com\/standard\/?page_id=3372"},"modified":"2024-08-02T08:05:40","modified_gmt":"2024-08-02T08:05:40","slug":"validez-legal","status":"publish","type":"page","link":"https:\/\/www.adn-paraguay.com\/standard\/validez-legal.html","title":{"rendered":"Validez Legal"},"content":{"rendered":"<div data-colibri-id=\"3372-c1\" class=\"style-1787 style-local-3372-c1 position-relative\">\n  <!---->\n  <div data-colibri-component=\"section\" data-colibri-id=\"3372-c2\" id=\"about\" class=\"h-section h-section-global-spacing d-flex align-items-lg-center align-items-md-center align-items-center style-1794 style-local-3372-c2 position-relative\">\n    <!---->\n    <!---->\n    <div class=\"h-section-grid-container h-section-boxed-container\">\n      <!---->\n      <div data-colibri-id=\"3372-c3\" class=\"h-row-container gutters-row-lg-0 gutters-row-md-0 gutters-row-2 gutters-row-v-lg-0 gutters-row-v-md-0 gutters-row-v-2 style-1795 style-local-3372-c3 position-relative\">\n        <!---->\n        <div class=\"h-row justify-content-lg-center justify-content-md-center justify-content-center align-items-lg-stretch align-items-md-stretch align-items-stretch gutters-col-lg-0 gutters-col-md-0 gutters-col-2 gutters-col-v-lg-0 gutters-col-v-md-0 gutters-col-v-2\">\n          <!---->\n          <div class=\"h-column h-column-container d-flex h-col-lg-auto h-col-md-auto h-col-auto style-1796-outer style-local-3372-c4-outer\">\n            <div data-colibri-id=\"3372-c4\" class=\"d-flex h-flex-basis h-column__inner h-px-lg-0 h-px-md-0 h-px-0 v-inner-lg-0 v-inner-md-0 v-inner-0 style-1796 style-local-3372-c4 position-relative\">\n              <!---->\n              <!---->\n              <div class=\"w-100 h-y-container h-column__content h-column__v-align flex-basis-100 align-self-lg-center align-self-md-center align-self-center\">\n                <!---->\n                <div data-colibri-id=\"3372-c5\" class=\"h-multiple-image style-1797 style-local-3372-c5 position-relative h-element\">\n                  <!---->\n                  <div class=\"position-relative\">\n                    <div class=\"h-multiple-image-inside-container\">\n                      <div class=\"ratio-inner\">\n                        <div data-colibri-id=\"3372-c6\" class=\"d-block style-1799 style-local-3372-c6 position-relative h-element\">\n                          <!---->\n                          <div class=\"h-image__frame-container-outer\">\n                            <div class=\"h-image__frame-container\">\n                              <!---->\n                              <!---->\n                              <img loading=\"lazy\" decoding=\"async\" width=\"567\" height=\"498\" src=\"https:\/\/adn-paraguay.com\/standard\/wp-content\/uploads\/2024\/07\/cropped-slide-precios.webp\" class=\"style-1797-images style-local-3372-c5-images wp-image-4063 style-1799-image style-local-3372-c6-image\" alt=\"\" srcset=\"https:\/\/www.adn-paraguay.com\/standard\/wp-content\/uploads\/2024\/07\/cropped-slide-precios.webp 567w, https:\/\/www.adn-paraguay.com\/standard\/wp-content\/uploads\/2024\/07\/cropped-slide-precios-300x263.webp 300w\" sizes=\"auto, (max-width: 567px) 100vw, 567px\" \/>\n                              <div class=\"h-image__frame h-hide-lg h-hide-md h-hide-sm style-1799-frameImage style-local-3372-c6-frameImage\"><\/div>\n                            <\/div>\n                          <\/div>\n                        <\/div>\n                      <\/div>\n                    <\/div>\n                  <\/div>\n                <\/div>\n              <\/div>\n            <\/div>\n          <\/div>\n          <div class=\"h-column h-column-container d-flex h-col-lg-auto h-col-md-auto h-col-auto style-1800-outer style-local-3372-c7-outer\">\n            <div data-colibri-id=\"3372-c7\" class=\"d-flex h-flex-basis h-column__inner h-px-lg-3 h-px-md-3 h-px-3 v-inner-lg-3 v-inner-md-3 v-inner-3 style-1800 style-local-3372-c7 position-relative\">\n              <!---->\n              <!---->\n              <div class=\"w-100 h-y-container h-column__content h-column__v-align flex-basis-100 align-self-lg-start align-self-md-start align-self-start\">\n                <!---->\n                <div data-colibri-id=\"3372-c8\" class=\"h-global-transition-all h-heading style-1801 style-local-3372-c8 position-relative h-element\">\n                  <!---->\n                  <div class=\"h-heading__outer style-1801 style-local-3372-c8\">\n                    <!---->\n                    <!---->\n                    <h2 class=\"\">Validez legal de las pruebas de ADN<\/h2>\n                  <\/div>\n                <\/div>\n                <div data-colibri-id=\"3372-c9\" class=\"h-text h-text-component style-1803 style-local-3372-c9 position-relative h-element\">\n                  <!---->\n                  <!---->\n                  <div class=\"\">\n                    <p>Los resultados proporcionados por Biosur pueden ser presentados para su admisi\u00f3n en cualquier tribunal de justicia en Paraguay.<\/p>\n                    <p>Los servicios ofrecidos por Biosur poseen los m\u00e1s altos est\u00e1ndares y controles de calidad respaldado por la experiencia de nuestros profesionales, la tecnolog\u00eda utilizada y la utilizaci\u00f3n de protocolos estandarizados por sociedades\n                      internacionales de gen\u00e9tica forense.<\/p>\n                    <p>Nuestro equipo de profesionales est\u00e1 liderado por Hugo Jorquera Gonz\u00e1lez, Gerente T\u00e9cnico de BioGenetics, quien es Tecn\u00f3logo M\u00e9dico de la Universidad de Chile y Mag\u00edster en Bioqu\u00edmica y Biolog\u00eda Molecular de la misma Universidad y\n                      con instrucci\u00f3n en gen\u00e9tica forense obtenida en el Forensic Science Research and Training Center del FBI en Estados Unidos.<\/p>\n                  <\/div>\n                <\/div>\n              <\/div>\n            <\/div>\n          <\/div>\n        <\/div>\n      <\/div>\n    <\/div>\n  <\/div>\n<\/div>","protected":false},"excerpt":{"rendered":"<p>Validez legal de las pruebas de ADN Los resultados proporcionados por Biosur pueden ser presentados para su admisi\u00f3n en cualquier tribunal de justicia en Paraguay. Los servicios ofrecidos por Biosur poseen los m\u00e1s altos est\u00e1ndares y controles de calidad respaldado por la experiencia de nuestros profesionales, la tecnolog\u00eda utilizada y la utilizaci\u00f3n de protocolos estandarizados [&hellip;]<\/p>\n","protected":false},"author":1,"featured_media":0,"parent":0,"menu_order":0,"comment_status":"closed","ping_status":"closed","template":"page-templates\/full-width-page.php","meta":{"footnotes":""},"class_list":["post-3372","page","type-page","status-publish","hentry"],"_links":{"self":[{"href":"https:\/\/www.adn-paraguay.com\/standard\/wp-json\/wp\/v2\/pages\/3372","targetHints":{"allow":["GET"]}}],"collection":[{"href":"https:\/\/www.adn-paraguay.com\/standard\/wp-json\/wp\/v2\/pages"}],"about":[{"href":"https:\/\/www.adn-paraguay.com\/standard\/wp-json\/wp\/v2\/types\/page"}],"author":[{"embeddable":true,"href":"https:\/\/www.adn-paraguay.com\/standard\/wp-json\/wp\/v2\/users\/1"}],"replies":[{"embeddable":true,"href":"https:\/\/www.adn-paraguay.com\/standard\/wp-json\/wp\/v2\/comments?post=3372"}],"version-history":[{"count":7,"href":"https:\/\/www.adn-paraguay.com\/standard\/wp-json\/wp\/v2\/pages\/3372\/revisions"}],"predecessor-version":[{"id":4879,"href":"https:\/\/www.adn-paraguay.com\/standard\/wp-json\/wp\/v2\/pages\/3372\/revisions\/4879"}],"wp:attachment":[{"href":"https:\/\/www.adn-paraguay.com\/standard\/wp-json\/wp\/v2\/media?parent=3372"}],"curies":[{"name":"wp","href":"https:\/\/api.w.org\/{rel}","templated":true}]}}