{"id":3533,"date":"2024-05-20T03:19:17","date_gmt":"2024-05-20T03:19:17","guid":{"rendered":"https:\/\/adn-paraguay.com\/standard\/?page_id=3533"},"modified":"2024-07-15T01:41:45","modified_gmt":"2024-07-15T01:41:45","slug":"prueba-de-adn-de-parentesco","status":"publish","type":"page","link":"https:\/\/www.adn-paraguay.com\/standard\/prueba-de-adn-de-parentesco.html","title":{"rendered":"Pruebas de hermandad por ADN"},"content":{"rendered":"<div data-colibri-id=\"3533-c1\" class=\"style-1916 style-local-3533-c1 position-relative\">\n  <!---->\n  <div data-colibri-component=\"section\" data-colibri-id=\"3533-c2\" id=\"reusable-sections\" class=\"h-section h-section-global-spacing d-flex align-items-lg-center align-items-md-center align-items-center style-1917 style-local-3533-c2 position-relative\">\n    <!---->\n    <!---->\n    <div class=\"h-section-grid-container h-section-boxed-container\">\n      <!---->\n      <div data-colibri-id=\"3533-c3\" class=\"h-row-container gutters-row-lg-2 gutters-row-md-2 gutters-row-2 gutters-row-v-lg-2 gutters-row-v-md-2 gutters-row-v-2 style-1918 style-local-3533-c3 position-relative\">\n        <!---->\n        <div class=\"h-row justify-content-lg-center justify-content-md-center justify-content-center align-items-lg-stretch align-items-md-stretch align-items-stretch gutters-col-lg-2 gutters-col-md-2 gutters-col-2 gutters-col-v-lg-2 gutters-col-v-md-2 gutters-col-v-2\">\n          <!---->\n          <div class=\"h-column h-column-container d-flex h-col-lg-auto h-col-md-auto h-col-auto style-1919-outer style-local-3533-c4-outer\">\n            <div data-colibri-id=\"3533-c4\" class=\"d-flex h-flex-basis h-column__inner h-px-lg-2 h-px-md-2 h-px-2 v-inner-lg-2 v-inner-md-2 v-inner-2 style-1919 style-local-3533-c4 position-relative\">\n              <!---->\n              <!---->\n              <div class=\"w-100 h-y-container h-column__content h-column__v-align flex-basis-100 align-self-lg-start align-self-md-start align-self-start\">\n                <!---->\n                <div data-colibri-id=\"3533-c5\" class=\"h-global-transition-all h-heading style-1920 style-local-3533-c5 position-relative h-element\">\n                  <!---->\n                  <div class=\"h-heading__outer style-1920 style-local-3533-c5\">\n                    <!---->\n                    <!---->\n                    <h2 class=\"\">Pruebas de ADN para otros parentescos<\/h2>\n                  <\/div>\n                <\/div>\n                <div data-colibri-id=\"3533-c6\" class=\"d-block style-1921 style-local-3533-c6 position-relative h-element\">\n                  <!---->\n                  <div class=\"h-image__frame-container-outer\">\n                    <div class=\"h-image__frame-container\">\n                      <!---->\n                      <!---->\n                      <img loading=\"lazy\" decoding=\"async\" width=\"499\" height=\"498\" src=\"https:\/\/adn-paraguay.com\/standard\/wp-content\/uploads\/2024\/07\/cropped-slide-tecnologia-1.webp\" class=\"wp-image-4019 style-1921-image style-local-3533-c6-image\" alt=\"\" srcset=\"https:\/\/www.adn-paraguay.com\/standard\/wp-content\/uploads\/2024\/07\/cropped-slide-tecnologia-1.webp 499w, https:\/\/www.adn-paraguay.com\/standard\/wp-content\/uploads\/2024\/07\/cropped-slide-tecnologia-1-300x300.webp 300w, https:\/\/www.adn-paraguay.com\/standard\/wp-content\/uploads\/2024\/07\/cropped-slide-tecnologia-1-150x150.webp 150w\" sizes=\"auto, (max-width: 499px) 100vw, 499px\" \/>\n                      <div class=\"h-image__frame h-hide-lg h-hide-md h-hide-sm style-1921-frameImage style-local-3533-c6-frameImage\"><\/div>\n                    <\/div>\n                  <\/div>\n                <\/div>\n                <div data-colibri-id=\"3533-c7\" class=\"h-x-container style-1922 style-local-3533-c7 position-relative h-element\">\n                  <!---->\n                  <div class=\"h-x-container-inner style-dynamic-3533-c7-group style-1922-spacing style-local-3533-c7-spacing\"><span class=\"h-button__outer style-1923-outer style-local-3533-c8-outer d-inline-flex h-element\"><a h-use-smooth-scroll=\"true\" href=\"https:\/\/wa.me\/595982 662 019\"  data-colibri-id=\"3533-c8\" class=\"d-flex w-100 align-items-center h-button justify-content-lg-center justify-content-md-center justify-content-center style-1923 style-local-3533-c8 position-relative\"><!----><span  class=\"h-svg-icon h-button__icon style-1923-icon style-local-3533-c8-icon\"><!--Icon by Ionicons (https:\/\/ionicons.com)--><svg version=\"1.1\" xmlns=\"http:\/\/www.w3.org\/2000\/svg\" xmlns:xlink=\"http:\/\/www.w3.org\/1999\/xlink\" id=\"social-whatsapp-outline\" viewBox=\"0 0 448 512\"><path d=\"M178 154c4 11 15 39 16 42s2 6 0 10-3 6-6 9-6 7-9 9c-3 3-6 6-3 12s14 24 30 39c21 20 38 27 44 30s9 3 12-1 15-16 19-21 8-5 13-3 31 17 37 20 10 5 11 7 0 13-5 26-28 24-38 25-11 8-67-16-90-84-93-88-22-31-21-58 17-41 22-46 11-7 15-7h10s9 0 13 11zm50-90c-50 0-97 20-133 55-35 35-55 81-55 131 0 34 9 67 27 96l8 13-5 14-19 57 61-19 13-4 12 6c28 15 59 23 91 23 50 0 97-19 133-54 35-35 55-82 55-132s-20-96-55-131c-36-35-83-55-133-55zm0-32c121 0 220 97 220 218s-99 218-220 218c-39 0-74-10-106-27L0 480l40-117C20 330 8 291 8 250 8 129 107 32 228 32z\"><\/path><\/svg><\/span>                    <span>escribenos<\/span><\/a>\n                    <\/span>\n                  <\/div>\n                <\/div>\n              <\/div>\n            <\/div>\n          <\/div>\n          <div class=\"h-column h-column-container d-flex h-col-lg-auto h-col-md-auto h-col-auto style-1925-outer style-local-3533-c10-outer\">\n            <div data-colibri-id=\"3533-c10\" class=\"d-flex h-flex-basis h-column__inner h-px-lg-2 h-px-md-2 h-px-2 v-inner-lg-2 v-inner-md-2 v-inner-2 style-1925 style-local-3533-c10 position-relative\">\n              <!---->\n              <!---->\n              <div class=\"w-100 h-y-container h-column__content h-column__v-align flex-basis-100 align-self-lg-start align-self-md-start align-self-start\">\n                <!---->\n                <div data-toggle=\"true\" data-is-preview=\"true\" data-colibri-component=\"accordion\" data-colibri-id=\"3533-c11\" class=\"h-accordion style-1926 style-local-3533-c11 position-relative h-element\">\n                  <!---->\n                  <div data-colibri-id=\"3533-c12\" class=\"h-accordion-item h-accordion-item-first-child style-1927 style-local-3533-c12 position-relative h-element\">\n                    <!---->\n                    <a data-open-by-default=\"false\" href=\"#3533-c12\" class=\"h-accordion-item-title d-flex align-items-center h-global-transition\">\n                      <!----><span>Pruebas de Maternidad<\/span>\n                      <div class=\"h-accordion-item-title-normal-icon h-accordion-item-title-icon h-accordion-item-title-icon-right\"><span class=\"h-svg-icon\"><!--Icon by Icons8 Line Awesome (https:\/\/icons8.com\/line-awesome)--><svg version=\"1.1\" xmlns=\"http:\/\/www.w3.org\/2000\/svg\" xmlns:xlink=\"http:\/\/www.w3.org\/1999\/xlink\" id=\"plus\" viewBox=\"0 0 512 545.5\"><path d=\"M240 112h32v160h160v32H272v160h-32V304H80v-32h160V112z\"><\/path><\/svg><\/span><\/div>\n                      <div class=\"h-accordion-item-title-active-icon h-accordion-item-title-icon h-accordion-item-title-icon-right\"><span class=\"h-svg-icon\"><!--Icon by Icons8 Line Awesome (https:\/\/icons8.com\/line-awesome)--><svg version=\"1.1\" xmlns=\"http:\/\/www.w3.org\/2000\/svg\" xmlns:xlink=\"http:\/\/www.w3.org\/1999\/xlink\" id=\"minus\" viewBox=\"0 0 512 545.5\"><path d=\"M80 272h352v32H80v-32z\"><\/path><\/svg><\/span><\/div>\n                    <\/a>\n                    <div id=\"3533-c12\" class=\"h-accordion-item-content__container\">\n                      <div class=\"w-100 h-y-container h-accordion-item-content\">\n                        <!---->\n                        <div data-colibri-id=\"3533-c13\" class=\"h-text h-text-component style-1928 style-local-3533-c13 position-relative h-element\">\n                          <!---->\n                          <!---->\n                          <div class=\"\">\n                            <p>La prueba de maternidad por ADN estudia la posibilidad de que dos personas tengan una relaci\u00f3n de parentesco biol\u00f3gico madre \u2013 hijo\/hija y el estudio es el mismo que se efect\u00faa en un estudio de paternidad.<\/p>\n                            <p>Este estudio se utiliza para resolver la m\u00e1s m\u00ednima duda existente producto de cambios de beb\u00e9s al momento del alumbramiento, en caso de hijos\/hijas o madres extraviadas, si se quiere asegurar que el embri\u00f3n implantado en una\n                              fertilizaci\u00f3n in vitro sea efectivamente de la madre, etc.<\/p>\n                          <\/div>\n                        <\/div>\n                      <\/div>\n                    <\/div>\n                  <\/div>\n                  <div data-colibri-id=\"3533-c14\" class=\"h-accordion-item style-1929 style-local-3533-c14 position-relative h-element\">\n                    <!---->\n                    <a data-open-by-default=\"false\" href=\"#3533-c14\" class=\"h-accordion-item-title d-flex align-items-center h-global-transition\">\n                      <!----><span>Prueba de Hermandad<\/span>\n                      <div class=\"h-accordion-item-title-normal-icon h-accordion-item-title-icon h-accordion-item-title-icon-right\"><span class=\"h-svg-icon\"><!--Icon by Icons8 Line Awesome (https:\/\/icons8.com\/line-awesome)--><svg version=\"1.1\" xmlns=\"http:\/\/www.w3.org\/2000\/svg\" xmlns:xlink=\"http:\/\/www.w3.org\/1999\/xlink\" id=\"plus\" viewBox=\"0 0 512 545.5\"><path d=\"M240 112h32v160h160v32H272v160h-32V304H80v-32h160V112z\"><\/path><\/svg><\/span><\/div>\n                      <div class=\"h-accordion-item-title-active-icon h-accordion-item-title-icon h-accordion-item-title-icon-right\"><span class=\"h-svg-icon\"><!--Icon by Icons8 Line Awesome (https:\/\/icons8.com\/line-awesome)--><svg version=\"1.1\" xmlns=\"http:\/\/www.w3.org\/2000\/svg\" xmlns:xlink=\"http:\/\/www.w3.org\/1999\/xlink\" id=\"minus\" viewBox=\"0 0 512 545.5\"><path d=\"M80 272h352v32H80v-32z\"><\/path><\/svg><\/span><\/div>\n                    <\/a>\n                    <div id=\"3533-c14\" class=\"h-accordion-item-content__container\">\n                      <div class=\"w-100 h-y-container h-accordion-item-content\">\n                        <!---->\n                        <div data-colibri-id=\"3533-c15\" class=\"h-text h-text-component style-1930 style-local-3533-c15 position-relative h-element\">\n                          <!---->\n                          <!---->\n                          <div class=\"\">\n                            <p>Un estudio de hermandad se realiza para determinar la probabilidad de que dos individuos sean hermanos compartiendo el mismo padre y madre, o bien medio hermano donde comparten solo a uno de los dos progenitores.<\/p>\n                            <p>En este tipo de estudio se investiga, adem\u00e1s de los dos hermanos, a los padres disponibles lo que aumenta la probabilidad de obtener resultados concluyentes.<\/p>\n                            <p>Los&nbsp;casos de hermandad son m\u00e1s complejos de resolver que los estudios de paternidad, maternidad o abuelidad, por lo que antes de tomarse las muestras se analiza cada caso para ver si es probable obtener resultados concluyentes\n                              dependiendo de los familiares con quienes se cuente para el estudio.<\/p>\n                          <\/div>\n                        <\/div>\n                      <\/div>\n                    <\/div>\n                  <\/div>\n                  <div data-colibri-id=\"3533-c16\" class=\"h-accordion-item style-1931 style-local-3533-c16 position-relative h-element\">\n                    <!---->\n                    <a data-open-by-default=\"false\" href=\"#3533-c16\" class=\"h-accordion-item-title d-flex align-items-center h-global-transition\">\n                      <!----><span>Prueba de Abuelidad<\/span>\n                      <div class=\"h-accordion-item-title-normal-icon h-accordion-item-title-icon h-accordion-item-title-icon-right\"><span class=\"h-svg-icon\"><!--Icon by Icons8 Line Awesome (https:\/\/icons8.com\/line-awesome)--><svg version=\"1.1\" xmlns=\"http:\/\/www.w3.org\/2000\/svg\" xmlns:xlink=\"http:\/\/www.w3.org\/1999\/xlink\" id=\"plus\" viewBox=\"0 0 512 545.5\"><path d=\"M240 112h32v160h160v32H272v160h-32V304H80v-32h160V112z\"><\/path><\/svg><\/span><\/div>\n                      <div class=\"h-accordion-item-title-active-icon h-accordion-item-title-icon h-accordion-item-title-icon-right\"><span class=\"h-svg-icon\"><!--Icon by Icons8 Line Awesome (https:\/\/icons8.com\/line-awesome)--><svg version=\"1.1\" xmlns=\"http:\/\/www.w3.org\/2000\/svg\" xmlns:xlink=\"http:\/\/www.w3.org\/1999\/xlink\" id=\"minus\" viewBox=\"0 0 512 545.5\"><path d=\"M80 272h352v32H80v-32z\"><\/path><\/svg><\/span><\/div>\n                    <\/a>\n                    <div id=\"3533-c16\" class=\"h-accordion-item-content__container\">\n                      <div class=\"w-100 h-y-container h-accordion-item-content\">\n                        <!---->\n                        <div data-colibri-id=\"3533-c17\" class=\"h-text h-text-component style-1932 style-local-3533-c17 position-relative h-element\">\n                          <!---->\n                          <!---->\n                          <div class=\"\">\n                            <p>Este estudio es el que determina la relaci\u00f3n biol\u00f3gica entre un nieto(a) y sus abuelos el que se realiza en ausencia del padre presunto dado que este falleci\u00f3 o bien no est\u00e1 disponible. Para obtener un resultado concluyente\n                              es requisito tener muestras del hijo (a), de la madre y de los dos abuelos.<\/p>\n                          <\/div>\n                        <\/div>\n                      <\/div>\n                    <\/div>\n                  <\/div>\n                  <div data-colibri-id=\"3533-c18\" class=\"h-accordion-item style-1933 style-local-3533-c18 position-relative h-element\">\n                    <!---->\n                    <a data-open-by-default=\"false\" href=\"#3533-c18\" class=\"h-accordion-item-title d-flex align-items-center h-global-transition\">\n                      <!----><span>Reconstrucci\u00f3n Gen\u00e9tica (persona fallecida o ausente)<\/span>\n                      <div class=\"h-accordion-item-title-normal-icon h-accordion-item-title-icon h-accordion-item-title-icon-right\"><span class=\"h-svg-icon\"><!--Icon by Icons8 Line Awesome (https:\/\/icons8.com\/line-awesome)--><svg version=\"1.1\" xmlns=\"http:\/\/www.w3.org\/2000\/svg\" xmlns:xlink=\"http:\/\/www.w3.org\/1999\/xlink\" id=\"plus\" viewBox=\"0 0 512 545.5\"><path d=\"M240 112h32v160h160v32H272v160h-32V304H80v-32h160V112z\"><\/path><\/svg><\/span><\/div>\n                      <div class=\"h-accordion-item-title-active-icon h-accordion-item-title-icon h-accordion-item-title-icon-right\"><span class=\"h-svg-icon\"><!--Icon by Icons8 Line Awesome (https:\/\/icons8.com\/line-awesome)--><svg version=\"1.1\" xmlns=\"http:\/\/www.w3.org\/2000\/svg\" xmlns:xlink=\"http:\/\/www.w3.org\/1999\/xlink\" id=\"minus\" viewBox=\"0 0 512 545.5\"><path d=\"M80 272h352v32H80v-32z\"><\/path><\/svg><\/span><\/div>\n                    <\/a>\n                    <div id=\"3533-c18\" class=\"h-accordion-item-content__container\">\n                      <div class=\"w-100 h-y-container h-accordion-item-content\">\n                        <!---->\n                        <div data-colibri-id=\"3533-c19\" class=\"h-text h-text-component style-1934 style-local-3533-c19 position-relative h-element\">\n                          <!---->\n                          <!---->\n                          <div class=\"\">\n                            <p>Una reconstrucci\u00f3n gen\u00e9tica se realiza para determinar el perfil gen\u00e9tico de personas extraviadas o fallecidas. Una vez obtenido el perfil gen\u00e9tico se puede utilizar para determinar parentescos con hijos, hermanos, padres,\n                              madres, abuelos, etc.<\/p>\n                          <\/div>\n                        <\/div>\n                      <\/div>\n                    <\/div>\n                  <\/div>\n                <\/div>\n              <\/div>\n            <\/div>\n          <\/div>\n        <\/div>\n      <\/div>\n    <\/div>\n  <\/div>\n<\/div>","protected":false},"excerpt":{"rendered":"<p>Pruebas de ADN para otros parentescos escribenos Pruebas de Maternidad La prueba de maternidad por ADN estudia la posibilidad de que dos personas tengan una relaci\u00f3n de parentesco biol\u00f3gico madre \u2013 hijo\/hija y el estudio es el mismo que se efect\u00faa en un estudio de paternidad. Este estudio se utiliza para resolver la m\u00e1s m\u00ednima [&hellip;]<\/p>\n","protected":false},"author":1,"featured_media":0,"parent":0,"menu_order":0,"comment_status":"closed","ping_status":"closed","template":"page-templates\/full-width-page.php","meta":{"footnotes":""},"class_list":["post-3533","page","type-page","status-publish","hentry"],"_links":{"self":[{"href":"https:\/\/www.adn-paraguay.com\/standard\/wp-json\/wp\/v2\/pages\/3533","targetHints":{"allow":["GET"]}}],"collection":[{"href":"https:\/\/www.adn-paraguay.com\/standard\/wp-json\/wp\/v2\/pages"}],"about":[{"href":"https:\/\/www.adn-paraguay.com\/standard\/wp-json\/wp\/v2\/types\/page"}],"author":[{"embeddable":true,"href":"https:\/\/www.adn-paraguay.com\/standard\/wp-json\/wp\/v2\/users\/1"}],"replies":[{"embeddable":true,"href":"https:\/\/www.adn-paraguay.com\/standard\/wp-json\/wp\/v2\/comments?post=3533"}],"version-history":[{"count":5,"href":"https:\/\/www.adn-paraguay.com\/standard\/wp-json\/wp\/v2\/pages\/3533\/revisions"}],"predecessor-version":[{"id":4455,"href":"https:\/\/www.adn-paraguay.com\/standard\/wp-json\/wp\/v2\/pages\/3533\/revisions\/4455"}],"wp:attachment":[{"href":"https:\/\/www.adn-paraguay.com\/standard\/wp-json\/wp\/v2\/media?parent=3533"}],"curies":[{"name":"wp","href":"https:\/\/api.w.org\/{rel}","templated":true}]}}