{"id":3606,"date":"2024-05-20T21:11:12","date_gmt":"2024-05-20T21:11:12","guid":{"rendered":"https:\/\/adn-paraguay.com\/standard\/?page_id=3606"},"modified":"2024-07-15T01:57:17","modified_gmt":"2024-07-15T01:57:17","slug":"consejos-y-sugerencias","status":"publish","type":"page","link":"https:\/\/www.adn-paraguay.com\/standard\/consejos-y-sugerencias.html","title":{"rendered":"Consejos y sugerencias"},"content":{"rendered":"<div data-colibri-id=\"3606-c1\" class=\"style-2031 style-local-3606-c1 position-relative\">\n  <!---->\n  <div data-colibri-component=\"section\" data-colibri-id=\"3606-c12\" id=\"reusable-sections\" class=\"h-section h-section-global-spacing d-flex align-items-lg-center align-items-md-center align-items-center style-2533 style-local-3606-c12 position-relative\">\n    <!---->\n    <!---->\n    <div class=\"h-section-grid-container h-section-boxed-container\">\n      <!---->\n      <div data-colibri-id=\"3606-c13\" class=\"h-row-container gutters-row-lg-2 gutters-row-md-2 gutters-row-0 gutters-row-v-lg-2 gutters-row-v-md-2 gutters-row-v-2 style-2534 style-local-3606-c13 position-relative\">\n        <!---->\n        <div class=\"h-row justify-content-lg-center justify-content-md-center justify-content-center align-items-lg-stretch align-items-md-stretch align-items-stretch gutters-col-lg-2 gutters-col-md-2 gutters-col-0 gutters-col-v-lg-2 gutters-col-v-md-2 gutters-col-v-2\">\n          <!---->\n          <div class=\"h-column h-column-container d-flex h-col-lg-auto h-col-md-auto h-col-auto style-2535-outer style-local-3606-c14-outer\">\n            <div data-colibri-id=\"3606-c14\" class=\"d-flex h-flex-basis h-column__inner h-px-lg-2 h-px-md-2 h-px-2 v-inner-lg-2 v-inner-md-2 v-inner-2 style-2535 style-local-3606-c14 position-relative\">\n              <!---->\n              <!---->\n              <div class=\"w-100 h-y-container h-column__content h-column__v-align flex-basis-auto align-self-lg-start align-self-md-start align-self-start\">\n                <!---->\n                <div data-colibri-id=\"3606-c15\" class=\"h-icon style-2536 style-local-3606-c15 position-relative h-element\">\n                  <!----><span class=\"h-svg-icon h-icon__icon style-2536-icon style-local-3606-c15-icon\"><!--Icon by Ionicons (https:\/\/ionicons.com)--><svg version=\"1.1\" xmlns=\"http:\/\/www.w3.org\/2000\/svg\" xmlns:xlink=\"http:\/\/www.w3.org\/1999\/xlink\" id=\"erlenmeyer-flask-bubbles\" viewBox=\"0 0 384 512\"><path d=\"M382 427c2 4 3 10 0 14s-8 7-13 7H14c-5 0-9-3-12-7s-2-10 0-14l118-199V78c0-8 6-14 14-14s15 6 15 14v80c4-3 10-5 16-5 15 0 27 12 27 27s-12 26-27 26c-6 0-12-2-16-5v31c0 2-1 4-2 6l-35 59h72c-15-6-26-20-26-37 0-23 19-42 43-42 15 0 27 8 35 19-1-2-1-3-1-5V78c0-8 6-14 14-14s15 6 15 14v150zM218 297h53l-31-54c2 5 3 11 3 17 0 17-10 31-25 37zm-17-168c-12 0-22-9-22-21s10-21 22-21 22 9 22 21-10 21-22 21z\"><\/path><\/svg><\/span><\/div>\n              <\/div>\n            <\/div>\n          <\/div>\n          <div class=\"h-column h-column-container d-flex h-col-lg h-col-md h-col-auto style-2537-outer style-local-3606-c16-outer\">\n            <div data-colibri-id=\"3606-c16\" class=\"d-flex h-flex-basis h-column__inner h-px-lg-2 h-px-md-2 h-px-2 v-inner-lg-2 v-inner-md-2 v-inner-2 style-2537 style-local-3606-c16 position-relative\">\n              <!---->\n              <!---->\n              <div class=\"w-100 h-y-container h-column__content h-column__v-align flex-basis-100 align-self-lg-start align-self-md-start align-self-start\">\n                <!---->\n                <div data-colibri-id=\"3606-c17\" class=\"h-global-transition-all h-heading style-2538 style-local-3606-c17 position-relative h-element\">\n                  <!---->\n                  <div class=\"h-heading__outer style-2538 style-local-3606-c17\">\n                    <!---->\n                    <!---->\n                    <h2 class=\"\">Sugerencias a considerar en un Examen de ADN<\/h2>\n                  <\/div>\n                <\/div>\n                <div data-colibri-id=\"3606-c18\" class=\"h-divider style-2539 style-local-3606-c18 position-relative h-element\">\n                  <!----><span class=\"h-divider__line style-2539-line style-local-3606-c18-line style-2539-line style-local-3606-c18-line\"><\/span><\/div>\n                <div data-colibri-id=\"3606-c27\" class=\"h-text h-text-component style-2548 style-local-3606-c27 position-relative h-element\">\n                  <!---->\n                  <!---->\n                  <div class=\"\">\n                    <p>Si usted va a encargar una prueba de ADN a alg\u00fan laboratorio le sugerimos que antes de tomar su decisi\u00f3n usted considere al menos lo siguiente:\n                      <br>&nbsp;<\/p>\n                  <\/div>\n                <\/div>\n                <div data-colibri-id=\"3606-c19\" class=\"h-global-transition-all h-heading style-2540 style-local-3606-c19 position-relative h-element\">\n                  <!---->\n                  <div class=\"h-heading__outer style-2540 style-local-3606-c19\">\n                    <!---->\n                    <!---->\n                    <h4 class=\"\">Experiencia de los profesionales<\/h4>\n                  <\/div>\n                <\/div>\n                <div data-colibri-id=\"3606-c22\" class=\"h-text h-text-component style-2543 style-local-3606-c22 position-relative h-element\">\n                  <!---->\n                  <!---->\n                  <div class=\"\">\n                    <p>Se sugiere que siempre usted consulte por la experiencia de los profesionales que analizar\u00e1n las pruebas de ADN y de quienes emitir\u00e1n el informe. Para ello usted puede, primero: solicitar documentos v\u00e1lidos y de manera presencial que\n                      acrediten dicha experiencia; segundo, es aconsejable que solicite una entrevista con quienes figuran en su p\u00e1gina web y as\u00ed validar que estas personas trabajan en el lugar.\n                      <br>&nbsp;<\/p>\n                  <\/div>\n                <\/div>\n                <div data-colibri-id=\"3606-c28\" class=\"h-global-transition-all h-heading style-2540 style-local-3606-c28 position-relative h-element\">\n                  <!---->\n                  <div class=\"h-heading__outer style-2540 style-local-3606-c28\">\n                    <!---->\n                    <!---->\n                    <h4 class=\"\">Precios y tipos de muestras<\/h4>\n                  <\/div>\n                <\/div>\n                <div data-colibri-id=\"3606-c29\" class=\"h-text h-text-component style-2543 style-local-3606-c29 position-relative h-element\">\n                  <!---->\n                  <!---->\n                  <div class=\"\">\n                    <p>Se debe tener claridad respecto de los distintos tipos de muestras que se analizan para las pruebas de ADN y los precios asociados a cada una de ellas. Para su conocimiento, las pruebas de ADN m\u00e1s econ\u00f3micas son aquellas en que se\n                      utilizan muestras bucales (saliva) o sangre. Asimismo, en Biosur tambi\u00e9n se analizan otro tipo de muestras, sin embargo, los precios asociados son m\u00e1s elevados. Para saber m\u00e1s sobre estas muestras pinche aqu\u00ed.\n                      <br>&nbsp;&nbsp;<\/p>\n                  <\/div>\n                <\/div>\n                <div data-colibri-id=\"3606-c30\" class=\"h-global-transition-all h-heading style-2540 style-local-3606-c30 position-relative h-element\">\n                  <!---->\n                  <div class=\"h-heading__outer style-2540 style-local-3606-c30\">\n                    <!---->\n                    <!---->\n                    <h4 class=\"\">Plazos de entrega de resultados<\/h4>\n                  <\/div>\n                <\/div>\n                <div data-colibri-id=\"3606-c31\" class=\"h-text h-text-component style-2543 style-local-3606-c31 position-relative h-element\">\n                  <!---->\n                  <!---->\n                  <div class=\"\">\n                    <p>Se sugiere que cuando usted encargue una prueba de ADN consulte por la fecha en que le entregar\u00e1n el informe.\n                      <br>\n                    <\/p>\n                  <\/div>\n                <\/div>\n              <\/div>\n            <\/div>\n          <\/div>\n        <\/div>\n      <\/div>\n    <\/div>\n  <\/div>\n<\/div>","protected":false},"excerpt":{"rendered":"<p>Sugerencias a considerar en un Examen de ADN Si usted va a encargar una prueba de ADN a alg\u00fan laboratorio le sugerimos que antes de tomar su decisi\u00f3n usted considere al menos lo siguiente: &nbsp; Experiencia de los profesionales Se sugiere que siempre usted consulte por la experiencia de los profesionales que analizar\u00e1n las pruebas [&hellip;]<\/p>\n","protected":false},"author":1,"featured_media":0,"parent":0,"menu_order":0,"comment_status":"closed","ping_status":"closed","template":"page-templates\/full-width-page.php","meta":{"footnotes":""},"class_list":["post-3606","page","type-page","status-publish","hentry"],"_links":{"self":[{"href":"https:\/\/www.adn-paraguay.com\/standard\/wp-json\/wp\/v2\/pages\/3606","targetHints":{"allow":["GET"]}}],"collection":[{"href":"https:\/\/www.adn-paraguay.com\/standard\/wp-json\/wp\/v2\/pages"}],"about":[{"href":"https:\/\/www.adn-paraguay.com\/standard\/wp-json\/wp\/v2\/types\/page"}],"author":[{"embeddable":true,"href":"https:\/\/www.adn-paraguay.com\/standard\/wp-json\/wp\/v2\/users\/1"}],"replies":[{"embeddable":true,"href":"https:\/\/www.adn-paraguay.com\/standard\/wp-json\/wp\/v2\/comments?post=3606"}],"version-history":[{"count":5,"href":"https:\/\/www.adn-paraguay.com\/standard\/wp-json\/wp\/v2\/pages\/3606\/revisions"}],"predecessor-version":[{"id":4498,"href":"https:\/\/www.adn-paraguay.com\/standard\/wp-json\/wp\/v2\/pages\/3606\/revisions\/4498"}],"wp:attachment":[{"href":"https:\/\/www.adn-paraguay.com\/standard\/wp-json\/wp\/v2\/media?parent=3606"}],"curies":[{"name":"wp","href":"https:\/\/api.w.org\/{rel}","templated":true}]}}