{"id":3617,"date":"2024-05-20T21:17:56","date_gmt":"2024-05-20T21:17:56","guid":{"rendered":"https:\/\/adn-paraguay.com\/standard\/?page_id=3617"},"modified":"2024-07-15T01:59:30","modified_gmt":"2024-07-15T01:59:30","slug":"informacion-y-datos-de-interes","status":"publish","type":"page","link":"https:\/\/www.adn-paraguay.com\/standard\/informacion-y-datos-de-interes.html","title":{"rendered":"Informaci\u00f3n y datos de inter\u00e9s"},"content":{"rendered":"<div data-colibri-id=\"3617-c1\" class=\"style-2069 style-local-3617-c1 position-relative\">\n  <!---->\n  <div data-colibri-component=\"section\" data-colibri-id=\"3617-c2\" id=\"reusable-sections\" class=\"h-section h-section-global-spacing d-flex align-items-lg-center align-items-md-center align-items-center style-2070 style-local-3617-c2 position-relative\">\n    <!---->\n    <!---->\n    <div class=\"h-section-grid-container h-section-boxed-container\">\n      <!---->\n      <div data-colibri-id=\"3617-c3\" class=\"h-row-container gutters-row-lg-2 gutters-row-md-2 gutters-row-0 gutters-row-v-lg-2 gutters-row-v-md-2 gutters-row-v-2 style-2071 style-local-3617-c3 position-relative\">\n        <!---->\n        <div class=\"h-row justify-content-lg-center justify-content-md-center justify-content-center align-items-lg-stretch align-items-md-stretch align-items-stretch gutters-col-lg-2 gutters-col-md-2 gutters-col-0 gutters-col-v-lg-2 gutters-col-v-md-2 gutters-col-v-2\">\n          <!---->\n          <div class=\"h-column h-column-container d-flex h-col-lg-auto h-col-md-auto h-col-auto style-2072-outer style-local-3617-c4-outer\">\n            <div data-colibri-id=\"3617-c4\" class=\"d-flex h-flex-basis h-column__inner h-px-lg-2 h-px-md-2 h-px-2 v-inner-lg-2 v-inner-md-2 v-inner-2 style-2072 style-local-3617-c4 position-relative\">\n              <!---->\n              <!---->\n              <div class=\"w-100 h-y-container h-column__content h-column__v-align flex-basis-auto align-self-lg-start align-self-md-start align-self-start\">\n                <!---->\n                <div data-colibri-id=\"3617-c5\" class=\"h-icon style-2073 style-local-3617-c5 position-relative h-element\">\n                  <!----><span class=\"h-svg-icon h-icon__icon style-2073-icon style-local-3617-c5-icon\"><!--Icon by Ionicons (https:\/\/ionicons.com)--><svg version=\"1.1\" xmlns=\"http:\/\/www.w3.org\/2000\/svg\" xmlns:xlink=\"http:\/\/www.w3.org\/1999\/xlink\" id=\"erlenmeyer-flask-bubbles\" viewBox=\"0 0 384 512\"><path d=\"M382 427c2 4 3 10 0 14s-8 7-13 7H14c-5 0-9-3-12-7s-2-10 0-14l118-199V78c0-8 6-14 14-14s15 6 15 14v80c4-3 10-5 16-5 15 0 27 12 27 27s-12 26-27 26c-6 0-12-2-16-5v31c0 2-1 4-2 6l-35 59h72c-15-6-26-20-26-37 0-23 19-42 43-42 15 0 27 8 35 19-1-2-1-3-1-5V78c0-8 6-14 14-14s15 6 15 14v150zM218 297h53l-31-54c2 5 3 11 3 17 0 17-10 31-25 37zm-17-168c-12 0-22-9-22-21s10-21 22-21 22 9 22 21-10 21-22 21z\"><\/path><\/svg><\/span><\/div>\n              <\/div>\n            <\/div>\n          <\/div>\n          <div class=\"h-column h-column-container d-flex h-col-lg h-col-md h-col-auto style-2074-outer style-local-3617-c6-outer\">\n            <div data-colibri-id=\"3617-c6\" class=\"d-flex h-flex-basis h-column__inner h-px-lg-2 h-px-md-2 h-px-2 v-inner-lg-2 v-inner-md-2 v-inner-2 style-2074 style-local-3617-c6 position-relative\">\n              <!---->\n              <!---->\n              <div class=\"w-100 h-y-container h-column__content h-column__v-align flex-basis-100 align-self-lg-start align-self-md-start align-self-start\">\n                <!---->\n                <div data-colibri-id=\"3617-c7\" class=\"h-divider style-2076 style-local-3617-c7 position-relative h-element\">\n                  <!----><span class=\"h-divider__line style-2076-line style-local-3617-c7-line style-2076-line style-local-3617-c7-line\"><\/span><\/div>\n                <div data-colibri-id=\"3617-c8\" class=\"h-global-transition-all h-heading style-2308 style-local-3617-c8 position-relative h-element\">\n                  <!---->\n                  <div class=\"h-heading__outer style-2308 style-local-3617-c8\">\n                    <!---->\n                    <!---->\n                    <h4 class=\"\">No es necesario una Orden M\u00e9dica para realizar pruebas de paternidad<\/h4>\n                  <\/div>\n                <\/div>\n                <div data-colibri-id=\"3617-c9\" class=\"h-text h-text-component style-2309 style-local-3617-c9 position-relative h-element\">\n                  <!---->\n                  <!---->\n                  <div class=\"\">\n                    <p>Si usted necesita realizar pruebas de paternidad en un laboratorio de ADN es totalmente innecesario contar con una orden m\u00e9dica. Para su informaci\u00f3n las pruebas de paternidad son peritajes de identificaci\u00f3n humana y en ning\u00fan caso\n                      corresponden a ex\u00e1menes m\u00e9dicos. Evite pagar costos extras.\n                      <br>\n                      <br>\n                    <\/p>\n                  <\/div>\n                <\/div>\n                <div data-colibri-id=\"3617-c10\" class=\"h-global-transition-all h-heading style-2310 style-local-3617-c10 position-relative h-element\">\n                  <!---->\n                  <div class=\"h-heading__outer style-2310 style-local-3617-c10\">\n                    <!---->\n                    <!---->\n                    <h4 class=\"\">Biosur ofrece hasta 2 veces m\u00e1s marcadores gen\u00e9ticos para resolver casos complejos.<\/h4>\n                  <\/div>\n                <\/div>\n                <div data-colibri-id=\"3617-c11\" class=\"h-text h-text-component style-2311 style-local-3617-c11 position-relative h-element\">\n                  <!---->\n                  <!---->\n                  <div class=\"\">\n                    <p>Desde el a\u00f1o 2009 que Biosur es capaz de analizar hasta 36 marcadores gen\u00e9ticos en los peritajes de ADN para paternidad de alta complejidad. Los laboratorios de ADN (incluido Biosur) generalmente analizan 16 marcadores gen\u00e9ticos, y\n                      excepcionalmente pudiesen llegar a 20, con lo cual es suficiente como para entregar resultados concluyentes. Sin embargo, existen casos muy espec\u00edficos y de alta complejidad donde se hace necesario ampliar el espectro de marcadores\n                      a analizar. En Biosur los casos complejos en que se sugiere utilizar la mayor cantidad posible de marcadores gen\u00e9ticos son los siguientes: i) cuando existe sospecha que el padre biol\u00f3gico puede ser un pariente cercano, por ejemplo\n                      un hermano; ii) reconstrucci\u00f3n gen\u00e9tica en ausencia del padre presunto; iii) casos de incesto.\n                      <br>\n                      <br>\n                    <\/p>\n                  <\/div>\n                <\/div>\n                <div data-colibri-id=\"3617-c12\" class=\"h-global-transition-all h-heading style-2312 style-local-3617-c12 position-relative h-element\">\n                  <!---->\n                  <div class=\"h-heading__outer style-2312 style-local-3617-c12\">\n                    <!---->\n                    <!---->\n                    <h4 class=\"\">Precios, tipos de muestras<\/h4>\n                  <\/div>\n                <\/div>\n                <div data-colibri-id=\"3617-c13\" class=\"h-text h-text-component style-2313 style-local-3617-c13 position-relative h-element\">\n                  <!---->\n                  <!---->\n                  <div class=\"\">\n                    <p>Se debe tener claridad respecto de los distintos tipos de muestras que se analizan para las pruebas de ADN y los precios asociados a cada una de ellas. Para su conocimiento, las pruebas de ADN m\u00e1s econ\u00f3micas son aquellas en que se\n                      utilizan muestras bucales (saliva) o sangre. Asimismo, en Biosur tambi\u00e9n se analizan otro tipo de muestras, sin embargo, los precios asociados son m\u00e1s elevados. Para saber m\u00e1s sobre estas muestras pinche&nbsp;\n                      <a href=\"http:\/\/www.biogenetics.cl\/standard\/tipos_de_muestras.html\"\n                        style=\"color: rgb(51, 122, 183); font-weight: 700;\" class=\"customize-unpreviewable\"><strong><em>aqu\u00ed<\/em><\/strong><\/a>.\n                      <br>\n                      <br>\n                    <\/p>\n                  <\/div>\n                <\/div>\n                <div data-colibri-id=\"3617-c14\" class=\"h-global-transition-all h-heading style-2314 style-local-3617-c14 position-relative h-element\">\n                  <!---->\n                  <div class=\"h-heading__outer style-2314 style-local-3617-c14\">\n                    <!---->\n                    <!---->\n                    <h4 class=\"\">Llega a Paraguay el Test de ADN anti infidelidad<\/h4>\n                  <\/div>\n                <\/div>\n                <div data-colibri-id=\"3617-c15\" class=\"h-text h-text-component style-2315 style-local-3617-c15 position-relative h-element\">\n                  <!---->\n                  <!---->\n                  <div class=\"\">\n                    <p>Basta guardar alguna ropa u objeto que haya podido ser protagonista del romance clandestino para determinar si en \u00e9stos hay ADN de alguien que no sea usted o su pareja. Si quiere escuchar de que se trata ingrese AQU\u00cd.<\/p>\n                    <p>\n                      <br>\n                    <\/p>\n                  <\/div>\n                <\/div>\n              <\/div>\n            <\/div>\n          <\/div>\n        <\/div>\n      <\/div>\n    <\/div>\n  <\/div>\n<\/div>","protected":false},"excerpt":{"rendered":"<p>No es necesario una Orden M\u00e9dica para realizar pruebas de paternidad Si usted necesita realizar pruebas de paternidad en un laboratorio de ADN es totalmente innecesario contar con una orden m\u00e9dica. Para su informaci\u00f3n las pruebas de paternidad son peritajes de identificaci\u00f3n humana y en ning\u00fan caso corresponden a ex\u00e1menes m\u00e9dicos. Evite pagar costos extras. [&hellip;]<\/p>\n","protected":false},"author":1,"featured_media":0,"parent":0,"menu_order":0,"comment_status":"closed","ping_status":"closed","template":"page-templates\/full-width-page.php","meta":{"footnotes":""},"class_list":["post-3617","page","type-page","status-publish","hentry"],"_links":{"self":[{"href":"https:\/\/www.adn-paraguay.com\/standard\/wp-json\/wp\/v2\/pages\/3617","targetHints":{"allow":["GET"]}}],"collection":[{"href":"https:\/\/www.adn-paraguay.com\/standard\/wp-json\/wp\/v2\/pages"}],"about":[{"href":"https:\/\/www.adn-paraguay.com\/standard\/wp-json\/wp\/v2\/types\/page"}],"author":[{"embeddable":true,"href":"https:\/\/www.adn-paraguay.com\/standard\/wp-json\/wp\/v2\/users\/1"}],"replies":[{"embeddable":true,"href":"https:\/\/www.adn-paraguay.com\/standard\/wp-json\/wp\/v2\/comments?post=3617"}],"version-history":[{"count":5,"href":"https:\/\/www.adn-paraguay.com\/standard\/wp-json\/wp\/v2\/pages\/3617\/revisions"}],"predecessor-version":[{"id":4505,"href":"https:\/\/www.adn-paraguay.com\/standard\/wp-json\/wp\/v2\/pages\/3617\/revisions\/4505"}],"wp:attachment":[{"href":"https:\/\/www.adn-paraguay.com\/standard\/wp-json\/wp\/v2\/media?parent=3617"}],"curies":[{"name":"wp","href":"https:\/\/api.w.org\/{rel}","templated":true}]}}