{"id":3815,"date":"2024-05-26T03:46:55","date_gmt":"2024-05-26T03:46:55","guid":{"rendered":"https:\/\/adn-paraguay.com\/standard\/?page_id=3815"},"modified":"2024-07-15T02:42:00","modified_gmt":"2024-07-15T02:42:00","slug":"terminos-de-uso","status":"publish","type":"page","link":"https:\/\/www.adn-paraguay.com\/standard\/terminos-de-uso.html","title":{"rendered":"T\u00e9rminos de Uso"},"content":{"rendered":"<div data-colibri-id=\"3815-c1\" class=\"style-2235 style-local-3815-c1 position-relative\">\n  <!---->\n  <div data-colibri-component=\"section\" data-colibri-id=\"3815-c2\" id=\"reusable-sections\" class=\"h-section h-section-global-spacing d-flex align-items-lg-center align-items-md-center align-items-center style-2236 style-local-3815-c2 position-relative\">\n    <!---->\n    <!---->\n    <div class=\"h-section-grid-container h-section-boxed-container\">\n      <!---->\n      <div data-colibri-id=\"3815-c3\" class=\"h-row-container gutters-row-lg-2 gutters-row-md-2 gutters-row-0 gutters-row-v-lg-2 gutters-row-v-md-2 gutters-row-v-2 style-2237 style-local-3815-c3 position-relative\">\n        <!---->\n        <div class=\"h-row justify-content-lg-center justify-content-md-center justify-content-center align-items-lg-stretch align-items-md-stretch align-items-stretch gutters-col-lg-2 gutters-col-md-2 gutters-col-0 gutters-col-v-lg-2 gutters-col-v-md-2 gutters-col-v-2\">\n          <!---->\n          <div class=\"h-column h-column-container d-flex h-col-lg-auto h-col-md-auto h-col-auto style-2238-outer style-local-3815-c4-outer\">\n            <div data-colibri-id=\"3815-c4\" class=\"d-flex h-flex-basis h-column__inner h-px-lg-2 h-px-md-2 h-px-2 v-inner-lg-2 v-inner-md-2 v-inner-2 style-2238 style-local-3815-c4 position-relative\">\n              <!---->\n              <!---->\n              <div class=\"w-100 h-y-container h-column__content h-column__v-align flex-basis-auto align-self-lg-start align-self-md-start align-self-start\">\n                <!---->\n                <div data-colibri-id=\"3815-c5\" class=\"h-icon style-2239 style-local-3815-c5 position-relative h-element\">\n                  <!----><span class=\"h-svg-icon h-icon__icon style-2239-icon style-local-3815-c5-icon\"><!--Icon by Font Awesome (https:\/\/fontawesome.com)-->\n    <svg version=\"1.1\" xmlns=\"http:\/\/www.w3.org\/2000\/svg\" xmlns:xlink=\"http:\/\/www.w3.org\/1999\/xlink\" id=\"pencil-square-o\" viewBox=\"0 0 1792 1896.0833\">\n      <path d=\"M888 1184l116-116-152-152-116 116v56h96v96h56zm440-720q-16-16-33 1L945 815q-17 17-1 33t33-1l350-350q17-17 1-33zm80 594v190q0 119-84.5 203.5T1120 1536H288q-119 0-203.5-84.5T0 1248V416q0-119 84.5-203.5T288 128h832q63 0 117 25 15 7 18 23 3 17-9 29l-49 49q-14 14-32 8-23-6-45-6H288q-66 0-113 47t-47 113v832q0 66 47 113t113 47h832q66 0 113-47t47-113v-126q0-13 9-22l64-64q15-15 35-7t20 29zm-96-738l288 288-672 672H640V992zm444 132l-92 92-288-288 92-92q28-28 68-28t68 28l152 152q28 28 28 68t-28 68z\"><\/path>\n    <\/svg><\/span><\/div>\n              <\/div>\n            <\/div>\n          <\/div>\n          <div class=\"h-column h-column-container d-flex h-col-lg h-col-md h-col-auto style-2240-outer style-local-3815-c6-outer\">\n            <div data-colibri-id=\"3815-c6\" class=\"d-flex h-flex-basis h-column__inner h-px-lg-2 h-px-md-2 h-px-2 v-inner-lg-2 v-inner-md-2 v-inner-2 style-2240 style-local-3815-c6 position-relative\">\n              <!---->\n              <!---->\n              <div class=\"w-100 h-y-container h-column__content h-column__v-align flex-basis-100 align-self-lg-start align-self-md-start align-self-start\">\n                <!---->\n                <div data-colibri-id=\"3815-c7\" class=\"h-row-container gutters-row-lg-0 gutters-row-md-0 gutters-row-0 gutters-row-v-lg-0 gutters-row-v-md-0 gutters-row-v-0 style-2244 style-local-3815-c7 position-relative\">\n                  <!---->\n                  <div class=\"h-row justify-content-lg-center justify-content-md-center justify-content-center align-items-lg-stretch align-items-md-stretch align-items-stretch gutters-col-lg-0 gutters-col-md-0 gutters-col-0 gutters-col-v-lg-0 gutters-col-v-md-0 gutters-col-v-0\">\n                    <!---->\n                    <div class=\"h-column h-column-container d-flex h-col-lg-auto h-col-md-auto h-col-auto style-2245-outer style-local-3815-c8-outer\">\n                      <div data-colibri-id=\"3815-c8\" class=\"d-flex h-flex-basis h-column__inner h-px-lg-2 h-px-md-2 h-px-2 v-inner-lg-2 v-inner-md-2 v-inner-2 style-2245 style-local-3815-c8 position-relative\">\n                        <!---->\n                        <!---->\n                        <div class=\"w-100 h-y-container h-column__content h-column__v-align flex-basis-100 align-self-lg-start align-self-md-start align-self-start\">\n                          <!---->\n                          <div data-colibri-id=\"3815-c9\" class=\"h-text h-text-component style-2246 style-local-3815-c9 position-relative h-element\">\n                            <!---->\n                            <!---->\n                            <div class=\"\">\n                              <p>La totalidad del contenido de este sitio web pertenece a BioGenetics y por tanto el mismo est\u00e1 protegido por las leyes mundiales de Propiedad Intelectual.<\/p>\n                              <p>Todo el contenido de este sitio web ha sido especialmente preparado con la finalidad de informar acerca de BioGenetics y de los productos y servicios que la compa\u00f1\u00eda comercializa tanto por internet como por otros medios.<\/p>\n                              <p>La informaci\u00f3n contenida en este sitio web solo puede ser utilizada con fines informativos y por lo tanto no se podr\u00e1 explotar, reproducir, distribuir, modificar, comunicar p\u00fablicamente, ceder, transformar o usar el contenido\n                                de este website con fines p\u00fablicos o comerciales. Por lo tanto, todo uso sin la previa autorizaci\u00f3n de BioGenetics ya sea total o parcial de sus contenidos e imagen no est\u00e1n permitidos. BioGenetics se reserva la posibilidad\n                                de ejercer las acciones judiciales que correspondan contra quienes violen o infrinjan los derechos de propiedad intelectual e industrial.<\/p>\n                              <p>El contenido de este sitio web ha sido incorporado con informaci\u00f3n obtenida por medio de fuentes propias y externas actualiz\u00e1ndola peri\u00f3dicamente con la finalidad de informar oportunamente los r\u00e1pidos cambios existentes en\n                                el mundo. Es propio de la industria, y producto de los r\u00e1pidos avances de la tecnolog\u00eda, que la informaci\u00f3n no se encuentre debidamente actualizada por lo que se recomienda que siempre esta sea validada con BioGenetics.<\/p>\n                              <p>BioGenetics realiza los m\u00e1ximos esfuerzos para evitar cualquier error en los contenidos que pudieran aparecer en el sitio web, y si por alguna raz\u00f3n ello ocurriese le agradeceremos hac\u00e9rnoslo saber a la brevedad posible.<\/p>\n                              <p>BioGenetics no asume responsabilidad por el contenido de cualquier foro o debate en el ciberespacio (chat), boletines o cualquier tipo de transmisiones, que est\u00e9n vinculadas a este sitio web y cooperar\u00e1, si es requerida por\n                                orden judicial o por las autoridades pertinentes, en la identificaci\u00f3n de las personas responsables de aquellos contenidos que violen la ley.<\/p>\n                              <p>En algunas oportunidades BioGenetics hace referencia a otros sitios web con la finalidad de poder informar de mejor manera a nuestros clientes. No obstante, BioGenetics no se hace responsable por el contenido de dichos sitios.<\/p>\n                            <\/div>\n                          <\/div>\n                        <\/div>\n                      <\/div>\n                    <\/div>\n                  <\/div>\n                <\/div>\n              <\/div>\n            <\/div>\n          <\/div>\n        <\/div>\n      <\/div>\n    <\/div>\n  <\/div>\n<\/div>","protected":false},"excerpt":{"rendered":"<p>La totalidad del contenido de este sitio web pertenece a BioGenetics y por tanto el mismo est\u00e1 protegido por las leyes mundiales de Propiedad Intelectual. Todo el contenido de este sitio web ha sido especialmente preparado con la finalidad de informar acerca de BioGenetics y de los productos y servicios que la compa\u00f1\u00eda comercializa tanto [&hellip;]<\/p>\n","protected":false},"author":1,"featured_media":0,"parent":0,"menu_order":0,"comment_status":"closed","ping_status":"closed","template":"page-templates\/full-width-page.php","meta":{"footnotes":""},"class_list":["post-3815","page","type-page","status-publish","hentry"],"_links":{"self":[{"href":"https:\/\/www.adn-paraguay.com\/standard\/wp-json\/wp\/v2\/pages\/3815","targetHints":{"allow":["GET"]}}],"collection":[{"href":"https:\/\/www.adn-paraguay.com\/standard\/wp-json\/wp\/v2\/pages"}],"about":[{"href":"https:\/\/www.adn-paraguay.com\/standard\/wp-json\/wp\/v2\/types\/page"}],"author":[{"embeddable":true,"href":"https:\/\/www.adn-paraguay.com\/standard\/wp-json\/wp\/v2\/users\/1"}],"replies":[{"embeddable":true,"href":"https:\/\/www.adn-paraguay.com\/standard\/wp-json\/wp\/v2\/comments?post=3815"}],"version-history":[{"count":6,"href":"https:\/\/www.adn-paraguay.com\/standard\/wp-json\/wp\/v2\/pages\/3815\/revisions"}],"predecessor-version":[{"id":4606,"href":"https:\/\/www.adn-paraguay.com\/standard\/wp-json\/wp\/v2\/pages\/3815\/revisions\/4606"}],"wp:attachment":[{"href":"https:\/\/www.adn-paraguay.com\/standard\/wp-json\/wp\/v2\/media?parent=3815"}],"curies":[{"name":"wp","href":"https:\/\/api.w.org\/{rel}","templated":true}]}}