{"id":3831,"date":"2024-05-26T03:50:53","date_gmt":"2024-05-26T03:50:53","guid":{"rendered":"https:\/\/adn-paraguay.com\/standard\/?page_id=3831"},"modified":"2024-07-15T02:42:45","modified_gmt":"2024-07-15T02:42:45","slug":"politicas-de-privacidad","status":"publish","type":"page","link":"https:\/\/www.adn-paraguay.com\/standard\/politicas-de-privacidad.html","title":{"rendered":"Politicas de Privacidad"},"content":{"rendered":"<div data-colibri-id=\"3831-c1\" class=\"style-2247 style-local-3831-c1 position-relative\">\n  <!---->\n  <div data-colibri-component=\"section\" data-colibri-id=\"3831-c2\" id=\"reusable-sections\" class=\"h-section h-section-global-spacing d-flex align-items-lg-center align-items-md-center align-items-center style-2248 style-local-3831-c2 position-relative\">\n    <!---->\n    <!---->\n    <div class=\"h-section-grid-container h-section-boxed-container\">\n      <!---->\n      <div data-colibri-id=\"3831-c3\" class=\"h-row-container gutters-row-lg-2 gutters-row-md-2 gutters-row-0 gutters-row-v-lg-2 gutters-row-v-md-2 gutters-row-v-2 style-2249 style-local-3831-c3 position-relative\">\n        <!---->\n        <div class=\"h-row justify-content-lg-center justify-content-md-center justify-content-center align-items-lg-stretch align-items-md-stretch align-items-stretch gutters-col-lg-2 gutters-col-md-2 gutters-col-0 gutters-col-v-lg-2 gutters-col-v-md-2 gutters-col-v-2\">\n          <!---->\n          <div class=\"h-column h-column-container d-flex h-col-lg-auto h-col-md-auto h-col-auto style-2250-outer style-local-3831-c4-outer\">\n            <div data-colibri-id=\"3831-c4\" class=\"d-flex h-flex-basis h-column__inner h-px-lg-2 h-px-md-2 h-px-2 v-inner-lg-2 v-inner-md-2 v-inner-2 style-2250 style-local-3831-c4 position-relative\">\n              <!---->\n              <!---->\n              <div class=\"w-100 h-y-container h-column__content h-column__v-align flex-basis-auto align-self-lg-start align-self-md-start align-self-start\">\n                <!---->\n                <div data-colibri-id=\"3831-c5\" class=\"h-icon style-2251 style-local-3831-c5 position-relative h-element\">\n                  <!----><span class=\"h-svg-icon h-icon__icon style-2251-icon style-local-3831-c5-icon\"><!--Icon by Font Awesome (https:\/\/fontawesome.com)-->\n    <svg version=\"1.1\" xmlns=\"http:\/\/www.w3.org\/2000\/svg\" xmlns:xlink=\"http:\/\/www.w3.org\/1999\/xlink\" id=\"file-text-o\" viewBox=\"0 0 1611.2499 1896.0833\">\n      <path d=\"M1468 380q28 28 48 76t20 88v1152q0 40-28 68t-68 28H96q-40 0-68-28t-28-68V96q0-40 28-68T96 0h896q40 0 88 20t76 48zm-444-244v376h376q-10-29-22-41l-313-313q-12-12-41-22zm384 1528V640H992q-40 0-68-28t-28-68V128H128v1536h1280zM384 800q0-14 9-23t23-9h704q14 0 23 9t9 23v64q0 14-9 23t-23 9H416q-14 0-23-9t-9-23v-64zm736 224q14 0 23 9t9 23v64q0 14-9 23t-23 9H416q-14 0-23-9t-9-23v-64q0-14 9-23t23-9h704zm0 256q14 0 23 9t9 23v64q0 14-9 23t-23 9H416q-14 0-23-9t-9-23v-64q0-14 9-23t23-9h704z\"><\/path>\n    <\/svg><\/span><\/div>\n              <\/div>\n            <\/div>\n          <\/div>\n          <div class=\"h-column h-column-container d-flex h-col-lg h-col-md h-col-auto style-2252-outer style-local-3831-c6-outer\">\n            <div data-colibri-id=\"3831-c6\" class=\"d-flex h-flex-basis h-column__inner h-px-lg-2 h-px-md-2 h-px-2 v-inner-lg-2 v-inner-md-2 v-inner-2 style-2252 style-local-3831-c6 position-relative\">\n              <!---->\n              <!---->\n              <div class=\"w-100 h-y-container h-column__content h-column__v-align flex-basis-100 align-self-lg-start align-self-md-start align-self-start\">\n                <!---->\n                <div data-colibri-id=\"3831-c7\" class=\"h-row-container gutters-row-lg-0 gutters-row-md-0 gutters-row-0 gutters-row-v-lg-0 gutters-row-v-md-0 gutters-row-v-0 style-2256 style-local-3831-c7 position-relative\">\n                  <!---->\n                  <div class=\"h-row justify-content-lg-center justify-content-md-center justify-content-center align-items-lg-stretch align-items-md-stretch align-items-stretch gutters-col-lg-0 gutters-col-md-0 gutters-col-0 gutters-col-v-lg-0 gutters-col-v-md-0 gutters-col-v-0\">\n                    <!---->\n                    <div class=\"h-column h-column-container d-flex h-col-lg-auto h-col-md-auto h-col-auto style-2257-outer style-local-3831-c8-outer\">\n                      <div data-colibri-id=\"3831-c8\" class=\"d-flex h-flex-basis h-column__inner h-px-lg-2 h-px-md-2 h-px-2 v-inner-lg-2 v-inner-md-2 v-inner-2 style-2257 style-local-3831-c8 position-relative\">\n                        <!---->\n                        <!---->\n                        <div class=\"w-100 h-y-container h-column__content h-column__v-align flex-basis-100 align-self-lg-start align-self-md-start align-self-start\">\n                          <!---->\n                          <div data-colibri-id=\"3831-c9\" class=\"h-text h-text-component style-2258 style-local-3831-c9 position-relative h-element\">\n                            <!---->\n                            <!---->\n                            <div class=\"\">\n                              <p>Uno de los principios m\u00e1s importantes de la compa\u00f1\u00eda es mantener la confidencialidad en la informaci\u00f3n entregada por nuestros visitantes y clientes. Por ello se describe a continuaci\u00f3n nuestra pol\u00edtica de privacidad:<\/p>\n                              <p><span style=\"color: rgb(0, 104, 174);\">1. Informaci\u00f3n de los visitantes:<\/span>&nbsp;En nuestro sitio web no solicitamos informaci\u00f3n personal de nuestros visitantes, sin embargo, si se monitorea la actividad de estos al interior\n                                del sitio. Las formas de recopilar dicha informaci\u00f3n es:<\/p>\n                              <ul>\n                                <li><strong style=\"font-weight: 700;\">i) Contacto:<\/strong>&nbsp;Si nos manda una pregunta o comentario a trav\u00e9s de mail obtendremos su direcci\u00f3n de mail, no obstante, esta no ser\u00e1 incorporada ni administrada en ninguna base\n                                  de datos. La \u00fanica finalidad de contar con ella es para ponernos en contacto con usted teniendo como \u00fanico prop\u00f3sito el de responder al mensaje que nos haya enviado.<\/li>\n                                <li><strong style=\"font-weight: 700;\">ii) Estad\u00edsticas de navegaci\u00f3n:<\/strong>&nbsp;Nos interesa cierta informaci\u00f3n no personal de quienes visitan nuestro sitio. Estos datos no se refieren a un usuario identificable espec\u00edfico,\n                                  sino que hablan de estad\u00edsticas generales, como por ejemplo el n\u00famero de visitas que hemos tenido en el sitio, las p\u00e1ginas a las que se ha accedido, etc. Teniendo esta informaci\u00f3n, podemos ajustar nuestro sitio pensando\n                                  en nuestros visitantes. Recolectamos estos datos a trav\u00e9s de la tecnolog\u00eda \u201ccookie\u201d (galleta). Cookies son trozos de texto instalados en el disco duro de tu computador cuando visitas diferentes sitios Web. Las cookies\n                                  pueden mejorar su experiencia online, grabando sus preferencias mientras navega por un sitio en particular. Estas cookies temporales se cancelan cuando deja de usar su \u00abbrowser\u00bb (funci\u00f3n de b\u00fasqueda en la red). Su browser\n                                  puede instalar otro tipo de cookie en su computador. Cuando se conecta (log in), este tipo de cookie nos dice si ya nos ha visitado anteriormente o si \u00e9sta es su primera vez en nuestro sitio. De esta forma, la cookie\n                                  registra su sesi\u00f3n y le muestra el sitio seg\u00fan su personalizaci\u00f3n.<\/li>\n                              <\/ul>\n                              <p><span style=\"color: rgb(0, 104, 174);\">2. Entrega de informaci\u00f3n a terceros:<\/span>&nbsp;Nosotros no compartimos ni ofrecemos la informaci\u00f3n entregada con ninguna persona o empresa salvo expresa solicitud judicial.<\/p>\n                            <\/div>\n                          <\/div>\n                        <\/div>\n                      <\/div>\n                    <\/div>\n                  <\/div>\n                <\/div>\n              <\/div>\n            <\/div>\n          <\/div>\n        <\/div>\n      <\/div>\n    <\/div>\n  <\/div>\n<\/div>","protected":false},"excerpt":{"rendered":"<p>Uno de los principios m\u00e1s importantes de la compa\u00f1\u00eda es mantener la confidencialidad en la informaci\u00f3n entregada por nuestros visitantes y clientes. Por ello se describe a continuaci\u00f3n nuestra pol\u00edtica de privacidad: 1. Informaci\u00f3n de los visitantes:&nbsp;En nuestro sitio web no solicitamos informaci\u00f3n personal de nuestros visitantes, sin embargo, si se monitorea la actividad de [&hellip;]<\/p>\n","protected":false},"author":1,"featured_media":0,"parent":0,"menu_order":0,"comment_status":"closed","ping_status":"closed","template":"page-templates\/full-width-page.php","meta":{"footnotes":""},"class_list":["post-3831","page","type-page","status-publish","hentry"],"_links":{"self":[{"href":"https:\/\/www.adn-paraguay.com\/standard\/wp-json\/wp\/v2\/pages\/3831","targetHints":{"allow":["GET"]}}],"collection":[{"href":"https:\/\/www.adn-paraguay.com\/standard\/wp-json\/wp\/v2\/pages"}],"about":[{"href":"https:\/\/www.adn-paraguay.com\/standard\/wp-json\/wp\/v2\/types\/page"}],"author":[{"embeddable":true,"href":"https:\/\/www.adn-paraguay.com\/standard\/wp-json\/wp\/v2\/users\/1"}],"replies":[{"embeddable":true,"href":"https:\/\/www.adn-paraguay.com\/standard\/wp-json\/wp\/v2\/comments?post=3831"}],"version-history":[{"count":11,"href":"https:\/\/www.adn-paraguay.com\/standard\/wp-json\/wp\/v2\/pages\/3831\/revisions"}],"predecessor-version":[{"id":4613,"href":"https:\/\/www.adn-paraguay.com\/standard\/wp-json\/wp\/v2\/pages\/3831\/revisions\/4613"}],"wp:attachment":[{"href":"https:\/\/www.adn-paraguay.com\/standard\/wp-json\/wp\/v2\/media?parent=3831"}],"curies":[{"name":"wp","href":"https:\/\/api.w.org\/{rel}","templated":true}]}}