{"id":4115,"date":"2024-07-07T02:40:33","date_gmt":"2024-07-07T02:40:33","guid":{"rendered":"https:\/\/adn-paraguay.com\/standard\/?page_id=4115"},"modified":"2024-07-15T02:09:14","modified_gmt":"2024-07-15T02:09:14","slug":"peritajes-y-contraperitajes-judiciales","status":"publish","type":"page","link":"https:\/\/www.adn-paraguay.com\/standard\/peritajes-y-contraperitajes-judiciales.html","title":{"rendered":"Peritajes y contraperitajes judiciales"},"content":{"rendered":"<div data-colibri-id=\"4115-c1\" class=\"style-2318 style-local-4115-c1 position-relative\">\n  <!---->\n  <div data-colibri-component=\"section\" data-colibri-id=\"4115-c2\" id=\"reusable-sections\" class=\"h-section h-section-global-spacing d-flex align-items-lg-center align-items-md-center align-items-center style-2322 style-local-4115-c2 position-relative\">\n    <!---->\n    <!---->\n    <div class=\"h-section-grid-container h-section-boxed-container\">\n      <!---->\n      <div data-colibri-id=\"4115-c3\" class=\"h-row-container gutters-row-lg-2 gutters-row-md-2 gutters-row-0 gutters-row-v-lg-2 gutters-row-v-md-2 gutters-row-v-2 style-2323 style-local-4115-c3 position-relative\">\n        <!---->\n        <div class=\"h-row justify-content-lg-center justify-content-md-center justify-content-center align-items-lg-stretch align-items-md-stretch align-items-stretch gutters-col-lg-2 gutters-col-md-2 gutters-col-0 gutters-col-v-lg-2 gutters-col-v-md-2 gutters-col-v-2\">\n          <!---->\n          <div class=\"h-column h-column-container d-flex h-col-lg-auto h-col-md-auto h-col-auto style-2324-outer style-local-4115-c4-outer\">\n            <div data-colibri-id=\"4115-c4\" class=\"d-flex h-flex-basis h-column__inner h-px-lg-2 h-px-md-2 h-px-2 v-inner-lg-2 v-inner-md-2 v-inner-2 style-2324 style-local-4115-c4 position-relative\">\n              <!---->\n              <!---->\n              <div class=\"w-100 h-y-container h-column__content h-column__v-align flex-basis-auto align-self-lg-start align-self-md-start align-self-start\">\n                <!---->\n                <div data-colibri-id=\"4115-c5\" class=\"h-icon style-2325 style-local-4115-c5 position-relative h-element\">\n                  <!----><span class=\"h-svg-icon h-icon__icon style-2325-icon style-local-4115-c5-icon\"><!--Icon by Font Awesome (https:\/\/fontawesome.com)-->\n    <svg version=\"1.1\" xmlns=\"http:\/\/www.w3.org\/2000\/svg\" xmlns:xlink=\"http:\/\/www.w3.org\/1999\/xlink\" id=\"legal\" viewBox=\"0 0 1792 1896.0833\">\n      <path d=\"M1771 1536q0 53-37 90l-107 108q-39 37-91 37-53 0-90-37l-363-364q-38-36-38-90 0-53 43-96L832 928l-126 126q-14 14-34 14t-34-14q2 2 12.5 12t12.5 13 10 11.5 10 13.5 6 13.5 5.5 16.5 1.5 18q0 38-28 68-3 3-16.5 18t-19 20.5T614 1275t-22 15.5-22 9-26 4.5q-40 0-68-28L68 868q-28-28-28-68 0-13 4.5-26t9-22T69 730t16.5-18.5 20.5-19 18-16.5q30-28 68-28 10 0 18 1.5t16.5 5.5 13.5 6 13.5 10 11.5 10 13 12.5 12 12.5q-14-14-14-34t14-34l348-348q14-14 34-14t34 14q-2-2-12.5-12T681 265t-10-11.5-10-13.5-6-13.5-5.5-16.5-1.5-18q0-38 28-68 3-3 16.5-18t19-20.5T730 69t22-15.5 22-9 26-4.5q40 0 68 28l408 408q28 28 28 68 0 13-4.5 26t-9 22-15.5 22-16.5 18.5-20.5 19-18 16.5q-30 28-68 28-10 0-18-1.5t-16.5-5.5-13.5-6-13.5-10-11.5-10-13-12.5-12-12.5q14 14 14 34t-14 34L928 832l256 256q43-43 96-43 52 0 91 37l363 363q37 39 37 91z\"><\/path>\n    <\/svg><\/span><\/div>\n              <\/div>\n            <\/div>\n          <\/div>\n          <div class=\"h-column h-column-container d-flex h-col-lg h-col-md h-col-auto style-2326-outer style-local-4115-c6-outer\">\n            <div data-colibri-id=\"4115-c6\" class=\"d-flex h-flex-basis h-column__inner h-px-lg-2 h-px-md-2 h-px-2 v-inner-lg-2 v-inner-md-2 v-inner-2 style-2326 style-local-4115-c6 position-relative\">\n              <!---->\n              <!---->\n              <div class=\"w-100 h-y-container h-column__content h-column__v-align flex-basis-100 align-self-lg-start align-self-md-start align-self-start\">\n                <!---->\n                <div data-colibri-id=\"4115-c7\" class=\"h-divider style-2328 style-local-4115-c7 position-relative h-element\">\n                  <!----><span class=\"h-divider__line style-2328-line style-local-4115-c7-line style-2328-line style-local-4115-c7-line\"><\/span><\/div>\n                <div data-colibri-id=\"4115-c8\" class=\"h-row-container gutters-row-lg-0 gutters-row-md-0 gutters-row-0 gutters-row-v-lg-0 gutters-row-v-md-0 gutters-row-v-0 style-2330 style-local-4115-c8 position-relative\">\n                  <!---->\n                  <div class=\"h-row justify-content-lg-center justify-content-md-center justify-content-center align-items-lg-stretch align-items-md-stretch align-items-stretch gutters-col-lg-0 gutters-col-md-0 gutters-col-0 gutters-col-v-lg-0 gutters-col-v-md-0 gutters-col-v-0\">\n                    <!---->\n                    <div class=\"h-column h-column-container d-flex h-col-lg-auto h-col-md-auto h-col-auto style-2331-outer style-local-4115-c9-outer\">\n                      <div data-colibri-id=\"4115-c9\" class=\"d-flex h-flex-basis h-column__inner h-px-lg-2 h-px-md-2 h-px-2 v-inner-lg-2 v-inner-md-2 v-inner-2 style-2331 style-local-4115-c9 position-relative\">\n                        <!---->\n                        <!---->\n                        <div class=\"w-100 h-y-container h-column__content h-column__v-align flex-basis-100 align-self-lg-start align-self-md-start align-self-start\">\n                          <!---->\n                          <div data-colibri-id=\"4115-c10\" class=\"h-text h-text-component style-2332 style-local-4115-c10 position-relative h-element\">\n                            <!---->\n                            <!---->\n                            <div class=\"\">\n                              <p>Nuestros peritos en gen\u00e9tica forense poseen m\u00e1s de 20 a\u00f1os de experiencia y con participaci\u00f3n en casos de alta connotaci\u00f3n p\u00fablica. Por medio de una amplia gama de servicios periciales asesoramos y apoyamos a jueces, fiscales\n                                y abogados. Entre los servicios destacados se encuentran los siguientes:<\/p>\n                            <\/div>\n                          <\/div>\n                          <div data-colibri-id=\"4115-c11\" class=\"h-text h-text-component style-2337 style-local-4115-c11 position-relative h-element\">\n                            <!---->\n                            <!---->\n                            <div class=\"\">\n                              <ul>\n                                <li>An\u00e1lisis de las evidencias utilizadas y los resultados originales obtenidos por otros profesionales.<\/li>\n                                <li>Validaci\u00f3n los resultados en base a los procedimientos efectuados y a las muestras utilizadas.<\/li>\n                                <li>Se valora la importancia espec\u00edfica de la evidencia analizada.<\/li>\n                                <li>Se analiza la posibilidad de cualquier contaminaci\u00f3n potencial de las evidencias.<\/li>\n                                <li>Se estudia la integridad y cadena de custodia de las evidencias analizadas.<\/li>\n                                <li>Se procede a asesorar sobre el uso de nuevas tecnolog\u00edas forenses si es que corresponde.<\/li>\n                              <\/ul>\n                            <\/div>\n                          <\/div>\n                        <\/div>\n                      <\/div>\n                    <\/div>\n                  <\/div>\n                <\/div>\n              <\/div>\n            <\/div>\n          <\/div>\n        <\/div>\n      <\/div>\n    <\/div>\n  <\/div>\n<\/div>","protected":false},"excerpt":{"rendered":"<p>Nuestros peritos en gen\u00e9tica forense poseen m\u00e1s de 20 a\u00f1os de experiencia y con participaci\u00f3n en casos de alta connotaci\u00f3n p\u00fablica. Por medio de una amplia gama de servicios periciales asesoramos y apoyamos a jueces, fiscales y abogados. Entre los servicios destacados se encuentran los siguientes: An\u00e1lisis de las evidencias utilizadas y los resultados originales [&hellip;]<\/p>\n","protected":false},"author":1,"featured_media":0,"parent":0,"menu_order":0,"comment_status":"closed","ping_status":"closed","template":"page-templates\/full-width-page.php","meta":{"footnotes":""},"class_list":["post-4115","page","type-page","status-publish","hentry"],"_links":{"self":[{"href":"https:\/\/www.adn-paraguay.com\/standard\/wp-json\/wp\/v2\/pages\/4115","targetHints":{"allow":["GET"]}}],"collection":[{"href":"https:\/\/www.adn-paraguay.com\/standard\/wp-json\/wp\/v2\/pages"}],"about":[{"href":"https:\/\/www.adn-paraguay.com\/standard\/wp-json\/wp\/v2\/types\/page"}],"author":[{"embeddable":true,"href":"https:\/\/www.adn-paraguay.com\/standard\/wp-json\/wp\/v2\/users\/1"}],"replies":[{"embeddable":true,"href":"https:\/\/www.adn-paraguay.com\/standard\/wp-json\/wp\/v2\/comments?post=4115"}],"version-history":[{"count":3,"href":"https:\/\/www.adn-paraguay.com\/standard\/wp-json\/wp\/v2\/pages\/4115\/revisions"}],"predecessor-version":[{"id":4526,"href":"https:\/\/www.adn-paraguay.com\/standard\/wp-json\/wp\/v2\/pages\/4115\/revisions\/4526"}],"wp:attachment":[{"href":"https:\/\/www.adn-paraguay.com\/standard\/wp-json\/wp\/v2\/media?parent=4115"}],"curies":[{"name":"wp","href":"https:\/\/api.w.org\/{rel}","templated":true}]}}