{"id":4121,"date":"2024-07-07T02:40:33","date_gmt":"2024-07-07T02:40:33","guid":{"rendered":"https:\/\/adn-paraguay.com\/standard\/?page_id=4121"},"modified":"2024-07-15T02:24:44","modified_gmt":"2024-07-15T02:24:44","slug":"asesorias-cientifico-tecnicas","status":"publish","type":"page","link":"https:\/\/www.adn-paraguay.com\/standard\/asesorias-cientifico-tecnicas.html","title":{"rendered":"Asesor\u00edas cient\u00edfico-t\u00e9cnicas"},"content":{"rendered":"<div data-colibri-id=\"4121-c1\" class=\"style-2583 style-local-4121-c1 position-relative\">\n  <!---->\n  <div data-colibri-component=\"section\" data-colibri-id=\"4121-c2\" id=\"reusable-sections\" class=\"h-section h-section-global-spacing d-flex align-items-lg-center align-items-md-center align-items-center style-2584 style-local-4121-c2 position-relative\">\n    <!---->\n    <!---->\n    <div class=\"h-section-grid-container h-section-boxed-container\">\n      <!---->\n      <div data-colibri-id=\"4121-c3\" class=\"h-row-container gutters-row-lg-2 gutters-row-md-2 gutters-row-0 gutters-row-v-lg-2 gutters-row-v-md-2 gutters-row-v-2 style-2585 style-local-4121-c3 position-relative\">\n        <!---->\n        <div class=\"h-row justify-content-lg-center justify-content-md-center justify-content-center align-items-lg-stretch align-items-md-stretch align-items-stretch gutters-col-lg-2 gutters-col-md-2 gutters-col-0 gutters-col-v-lg-2 gutters-col-v-md-2 gutters-col-v-2\">\n          <!---->\n          <div class=\"h-column h-column-container d-flex h-col-lg-auto h-col-md-auto h-col-auto style-2586-outer style-local-4121-c4-outer\">\n            <div data-colibri-id=\"4121-c4\" class=\"d-flex h-flex-basis h-column__inner h-px-lg-2 h-px-md-2 h-px-2 v-inner-lg-2 v-inner-md-2 v-inner-2 style-2586 style-local-4121-c4 position-relative\">\n              <!---->\n              <!---->\n              <div class=\"w-100 h-y-container h-column__content h-column__v-align flex-basis-auto align-self-lg-start align-self-md-start align-self-start\">\n                <!---->\n                <div data-colibri-id=\"4121-c5\" class=\"h-icon style-2587 style-local-4121-c5 position-relative h-element\">\n                  <!----><span class=\"h-svg-icon h-icon__icon style-2587-icon style-local-4121-c5-icon\"><!--Icon by Ionicons (https:\/\/ionicons.com)--><svg version=\"1.1\" xmlns=\"http:\/\/www.w3.org\/2000\/svg\" xmlns:xlink=\"http:\/\/www.w3.org\/1999\/xlink\" id=\"erlenmeyer-flask-bubbles\" viewBox=\"0 0 384 512\"><path d=\"M382 427c2 4 3 10 0 14s-8 7-13 7H14c-5 0-9-3-12-7s-2-10 0-14l118-199V78c0-8 6-14 14-14s15 6 15 14v80c4-3 10-5 16-5 15 0 27 12 27 27s-12 26-27 26c-6 0-12-2-16-5v31c0 2-1 4-2 6l-35 59h72c-15-6-26-20-26-37 0-23 19-42 43-42 15 0 27 8 35 19-1-2-1-3-1-5V78c0-8 6-14 14-14s15 6 15 14v150zM218 297h53l-31-54c2 5 3 11 3 17 0 17-10 31-25 37zm-17-168c-12 0-22-9-22-21s10-21 22-21 22 9 22 21-10 21-22 21z\"><\/path><\/svg><\/span><\/div>\n              <\/div>\n            <\/div>\n          <\/div>\n          <div class=\"h-column h-column-container d-flex h-col-lg h-col-md h-col-auto style-2588-outer style-local-4121-c6-outer\">\n            <div data-colibri-id=\"4121-c6\" class=\"d-flex h-flex-basis h-column__inner h-px-lg-2 h-px-md-2 h-px-2 v-inner-lg-2 v-inner-md-2 v-inner-2 style-2588 style-local-4121-c6 position-relative\">\n              <!---->\n              <!---->\n              <div class=\"w-100 h-y-container h-column__content h-column__v-align flex-basis-100 align-self-lg-start align-self-md-start align-self-start\">\n                <!---->\n                <div data-colibri-id=\"4121-c8\" class=\"h-divider style-2590 style-local-4121-c8 position-relative h-element\">\n                  <!----><span class=\"h-divider__line style-2590-line style-local-4121-c8-line style-2590-line style-local-4121-c8-line\"><\/span><\/div>\n                <div data-colibri-id=\"4121-c10\" class=\"h-row-container gutters-row-lg-0 gutters-row-md-0 gutters-row-0 gutters-row-v-lg-0 gutters-row-v-md-0 gutters-row-v-0 style-2592 style-local-4121-c10 position-relative\">\n                  <!---->\n                  <div class=\"h-row justify-content-lg-center justify-content-md-center justify-content-center align-items-lg-stretch align-items-md-stretch align-items-stretch gutters-col-lg-0 gutters-col-md-0 gutters-col-0 gutters-col-v-lg-0 gutters-col-v-md-0 gutters-col-v-0\">\n                    <!---->\n                    <div class=\"h-column h-column-container d-flex h-col-lg-auto h-col-md-auto h-col-auto style-2593-outer style-local-4121-c11-outer\">\n                      <div data-colibri-id=\"4121-c11\" class=\"d-flex h-flex-basis h-column__inner h-px-lg-2 h-px-md-2 h-px-2 v-inner-lg-2 v-inner-md-2 v-inner-2 style-2593 style-local-4121-c11 position-relative\">\n                        <!---->\n                        <!---->\n                        <div class=\"w-100 h-y-container h-column__content h-column__v-align flex-basis-100 align-self-lg-start align-self-md-start align-self-start\">\n                          <!---->\n                          <div data-colibri-id=\"4121-c12\" class=\"h-text h-text-component style-2594 style-local-4121-c12 position-relative h-element\">\n                            <!---->\n                            <!---->\n                            <div class=\"\">\n                              <p>Durante los \u00faltimos a\u00f1os, ha habido un constante incremento en la utilizaci\u00f3n de la prueba de ADN en todo tipo de procedimientos legales, tanto civiles (impugnaci\u00f3n y reclamaci\u00f3n de paternidad), como penales (imputaci\u00f3n de\n                                sospechosos tras la identificaci\u00f3n gen\u00e9tica de evidencias biol\u00f3gicas).\n                                <br>Aunque hoy en d\u00eda, la validez de la prueba de ADN est\u00e1 fuera de toda duda, es fundamental que tanto los abogados, como sus clientes, conozcan los fundamentos t\u00e9cnicos de la prueba, su utilidad, sus limitaciones y, sobre\n                                todo, su interpretaci\u00f3n en aquellos casos especialmente complicados en los que existen mezclas de perfiles gen\u00e9ticos de varias personas, perfiles parciales o incompletos, etc.\n                                <br>Biosur dispone de peritos judiciales acreditados, capacitados para ofrecer servicios de asesoramiento cient\u00edfico-t\u00e9cnico, que incluye:<\/p>\n                              <p>Interpretaci\u00f3n de informes periciales basados en pruebas de ADN en procedimientos judiciales.\n                                <br>Peritajes y contraperitajes de informes emitidos por otros laboratorios, p\u00fablicos o privados.\n                                <br>Asistencia a procedimientos legales en calidad de peritos judiciales para la ratificaci\u00f3n de informes periciales basados en pruebas de ADN.\n                                <br>\n                              <\/p>\n                              <p>Capacitaci\u00f3n te\u00f3rico-pr\u00e1ctica en t\u00e9cnicas de Gen\u00e9tica Forense a profesionales del sector, particulares, empresas, laboratorios y grupos de investigaci\u00f3n.<\/p>\n                            <\/div>\n                          <\/div>\n                        <\/div>\n                      <\/div>\n                    <\/div>\n                  <\/div>\n                <\/div>\n              <\/div>\n            <\/div>\n          <\/div>\n        <\/div>\n      <\/div>\n    <\/div>\n  <\/div>\n<\/div>","protected":false},"excerpt":{"rendered":"<p>Durante los \u00faltimos a\u00f1os, ha habido un constante incremento en la utilizaci\u00f3n de la prueba de ADN en todo tipo de procedimientos legales, tanto civiles (impugnaci\u00f3n y reclamaci\u00f3n de paternidad), como penales (imputaci\u00f3n de sospechosos tras la identificaci\u00f3n gen\u00e9tica de evidencias biol\u00f3gicas). Aunque hoy en d\u00eda, la validez de la prueba de ADN est\u00e1 fuera [&hellip;]<\/p>\n","protected":false},"author":1,"featured_media":0,"parent":0,"menu_order":0,"comment_status":"closed","ping_status":"closed","template":"page-templates\/full-width-page.php","meta":{"footnotes":""},"class_list":["post-4121","page","type-page","status-publish","hentry"],"_links":{"self":[{"href":"https:\/\/www.adn-paraguay.com\/standard\/wp-json\/wp\/v2\/pages\/4121","targetHints":{"allow":["GET"]}}],"collection":[{"href":"https:\/\/www.adn-paraguay.com\/standard\/wp-json\/wp\/v2\/pages"}],"about":[{"href":"https:\/\/www.adn-paraguay.com\/standard\/wp-json\/wp\/v2\/types\/page"}],"author":[{"embeddable":true,"href":"https:\/\/www.adn-paraguay.com\/standard\/wp-json\/wp\/v2\/users\/1"}],"replies":[{"embeddable":true,"href":"https:\/\/www.adn-paraguay.com\/standard\/wp-json\/wp\/v2\/comments?post=4121"}],"version-history":[{"count":2,"href":"https:\/\/www.adn-paraguay.com\/standard\/wp-json\/wp\/v2\/pages\/4121\/revisions"}],"predecessor-version":[{"id":4568,"href":"https:\/\/www.adn-paraguay.com\/standard\/wp-json\/wp\/v2\/pages\/4121\/revisions\/4568"}],"wp:attachment":[{"href":"https:\/\/www.adn-paraguay.com\/standard\/wp-json\/wp\/v2\/media?parent=4121"}],"curies":[{"name":"wp","href":"https:\/\/api.w.org\/{rel}","templated":true}]}}