{"id":49,"date":"2019-02-27T12:23:03","date_gmt":"2019-02-27T12:23:03","guid":{"rendered":"https:\/\/colibriwp-work.colibriwp.com\/medical-clinic-ii\/?page_id=49"},"modified":"2024-08-02T08:16:11","modified_gmt":"2024-08-02T08:16:11","slug":"nosotros","status":"publish","type":"page","link":"https:\/\/www.adn-paraguay.com\/standard\/nosotros.html","title":{"rendered":"Nosotros"},"content":{"rendered":"<div data-colibri-id=\"49-c1\" class=\"style-983 style-local-49-c1 position-relative\">\n  <!---->\n  <div data-colibri-component=\"section\" data-colibri-id=\"49-c2\" id=\"about\" class=\"h-section h-section-global-spacing d-flex align-items-lg-center align-items-md-center align-items-center style-984 style-local-49-c2 position-relative\">\n    <!---->\n    <!---->\n    <div class=\"h-section-grid-container h-section-boxed-container\">\n      <!---->\n      <div data-colibri-id=\"49-c3\" class=\"h-row-container gutters-row-lg-2 gutters-row-md-2 gutters-row-2 gutters-row-v-lg-2 gutters-row-v-md-2 gutters-row-v-2 style-985 style-local-49-c3 position-relative\">\n        <!---->\n        <div class=\"h-row justify-content-lg-center justify-content-md-center justify-content-center align-items-lg-stretch align-items-md-stretch align-items-stretch gutters-col-lg-2 gutters-col-md-2 gutters-col-2 gutters-col-v-lg-2 gutters-col-v-md-2 gutters-col-v-2\">\n          <!---->\n          <div class=\"h-column h-column-container d-flex h-col-lg-auto h-col-md-auto h-col-auto style-986-outer style-local-49-c4-outer\">\n            <div data-colibri-id=\"49-c4\" class=\"d-flex h-flex-basis h-column__inner h-px-lg-0 h-px-md-0 h-px-0 v-inner-lg-0 v-inner-md-0 v-inner-0 style-986 style-local-49-c4 position-relative\">\n              <!---->\n              <!---->\n              <div class=\"w-100 h-y-container h-column__content h-column__v-align flex-basis-100 align-self-lg-start align-self-md-start align-self-start\">\n                <!---->\n                <div data-colibri-id=\"49-c5\" class=\"d-block style-987 style-local-49-c5 position-relative h-element\">\n                  <!---->\n                  <div class=\"h-image__frame-container-outer\">\n                    <div class=\"h-image__frame-container\">\n                      <!---->\n                      <!---->\n                      <img loading=\"lazy\" decoding=\"async\" width=\"499\" height=\"498\" src=\"https:\/\/adn-paraguay.com\/standard\/wp-content\/uploads\/2024\/07\/cropped-slide-nosotros-1.webp\" class=\"wp-image-4213 style-987-image style-local-49-c5-image\" alt=\"\" srcset=\"https:\/\/www.adn-paraguay.com\/standard\/wp-content\/uploads\/2024\/07\/cropped-slide-nosotros-1.webp 499w, https:\/\/www.adn-paraguay.com\/standard\/wp-content\/uploads\/2024\/07\/cropped-slide-nosotros-1-300x300.webp 300w, https:\/\/www.adn-paraguay.com\/standard\/wp-content\/uploads\/2024\/07\/cropped-slide-nosotros-1-150x150.webp 150w\" sizes=\"auto, (max-width: 499px) 100vw, 499px\" \/>\n                      <div class=\"h-image__frame h-image__frame_shadow h-hide-lg h-hide-md h-hide-sm style-987-frameImage style-local-49-c5-frameImage\"><\/div>\n                    <\/div>\n                  <\/div>\n                <\/div>\n              <\/div>\n            <\/div>\n          <\/div>\n          <div class=\"h-column h-column-container d-flex h-col-lg-auto h-col-md-auto h-col-auto style-988-outer style-local-49-c6-outer\">\n            <div data-colibri-id=\"49-c6\" class=\"d-flex h-flex-basis h-column__inner h-px-lg-0 h-px-md-0 h-px-0 v-inner-lg-0 v-inner-md-0 v-inner-0 style-988 style-local-49-c6 position-relative\">\n              <!---->\n              <!---->\n              <div class=\"w-100 h-y-container h-column__content h-column__v-align flex-basis-100 align-self-lg-center align-self-md-center align-self-center\">\n                <!---->\n                <div data-colibri-id=\"49-c7\" class=\"h-global-transition-all h-heading style-989 style-local-49-c7 position-relative h-element\">\n                  <!---->\n                  <div class=\"h-heading__outer style-989 style-local-49-c7\">\n                    <!---->\n                    <!---->\n                    <h2 class=\"\">Conoce mas sobre nuestra empresa especialistas en <strong style=\"font-weight: 700;\">ex\u00e1menes de ADN<\/strong><\/h2>\n                  <\/div>\n                <\/div>\n                <div data-colibri-id=\"49-c8\" class=\"h-text h-text-component style-990 style-local-49-c8 position-relative h-element\">\n                  <!---->\n                  <!---->\n                  <div class=\"\">\n                    <p>Laboratorio BIOSUR es una red de laboratorios privados con sedes en las ciudades de Asunci\u00f3n y Encarnaci\u00f3n que en sus 25 a\u00f1os de existencia se ha consolidado como un laboratorio de referencia para cientos de m\u00e9dicos y pacientes. Laboratorios\n                      BIOSUR posee tecnolog\u00eda de vanguardia y un equipo humano de primer nivel con el fin de ofrecer a nuestros pacientes la excelencia en el servicio y una total confiabilidad.<\/p>\n                    <p>Dentro de la amplia gama de ex\u00e1menes que realiza, Laboratorios BIOSUR se ha especializado en an\u00e1lisis gen\u00e9ticos humanos aplicados a la Gen\u00e9tica Forense y al Diagn\u00f3stico Gen\u00e9tico de enfermedades.<\/p>\n                    <p>En el campo de la Gen\u00e9tica Forense Laboratorios BIOSUR surge como respuesta a una necesidad: llevar a cabo an\u00e1lisis altamente resolutivos, precisos y con la rapidez que se requiera. En otras palabras entregar un resultado con alt\u00edsimos\n                      niveles de calidad y que satisfaga la demanda de pruebas biol\u00f3gicas de paternidad, parentesco biol\u00f3gico y otros casos complejos.<\/p>\n                    <p>Respecto al Diagn\u00f3stico Gen\u00e9tico Laboratorios BIOSUR dispone de los recursos necesarios, directos o indirectos, para la realizaci\u00f3n de an\u00e1lisis gen\u00e9ticos para la detecci\u00f3n de diversas enfermedades hereditarias tales como el c\u00e1ncer,\n                      enfermedades cardiovasculares, etc. Adem\u00e1s, el personal asociado a Laboratorios BIOSUR, ya sea directo o indirecto, posee una gran experiencia en el monitoreo de pacientes que han sido sometidos a trasplantes de m\u00e9dula \u00f3sea, en el\n                      an\u00e1lisis para la detecci\u00f3n de trisom\u00edas, entre otros.<\/p>\n                    <p>En efecto, Laboratorios BIOSUR posee un convenio de prestaci\u00f3n de servicios con el prestigioso Laboratorio BioGenetics en Chile, empresa que cuenta con lo m\u00e1s avanzado de la tecnolog\u00eda en el \u00e1rea de la Biolog\u00eda Molecular y con un selecto\n                      grupo de profesionales con m\u00e1s de 35 a\u00f1os de experiencia en el \u00e1rea de la gen\u00e9tica forense lo que nos permite ofrecer, entre otros, nuestros servicios con un alt\u00edsimo nivel de calidad.<\/p>\n                  <\/div>\n                <\/div>\n              <\/div>\n            <\/div>\n          <\/div>\n        <\/div>\n      <\/div>\n    <\/div>\n  <\/div>\n  <div data-colibri-component=\"section\" data-colibri-id=\"49-c9\" id=\"counters\" class=\"h-section h-section-global-spacing d-flex align-items-lg-center align-items-md-center align-items-center style-1014 style-local-49-c9 position-relative\">\n    <!---->\n    <!---->\n    <div class=\"h-section-grid-container h-section-boxed-container\">\n      <!---->\n      <div data-colibri-id=\"49-c10\" class=\"h-row-container gutters-row-lg-2 gutters-row-md-2 gutters-row-0 gutters-row-v-lg-2 gutters-row-v-md-2 gutters-row-v-2 style-1015 style-local-49-c10 position-relative\">\n        <!---->\n        <div class=\"h-row justify-content-lg-center justify-content-md-center justify-content-center align-items-lg-stretch align-items-md-stretch align-items-stretch gutters-col-lg-2 gutters-col-md-2 gutters-col-0 gutters-col-v-lg-2 gutters-col-v-md-2 gutters-col-v-2\">\n          <!---->\n          <div class=\"h-column h-column-container d-flex h-col-lg-3 h-col-md-3 h-col-6 style-1016-outer style-local-49-c11-outer\">\n            <div data-colibri-id=\"49-c11\" class=\"d-flex h-flex-basis h-column__inner h-px-lg-2 h-px-md-2 h-px-2 v-inner-lg-2 v-inner-md-2 v-inner-2 style-1016 style-local-49-c11 position-relative\">\n              <!---->\n              <!---->\n              <div class=\"w-100 h-y-container h-column__content h-column__v-align flex-basis-100 align-self-lg-start align-self-md-start align-self-start\">\n                <!---->\n                <div data-colibri-component=\"counter\" data-colibri-id=\"49-c12\" class=\"h-counter style-1017 style-local-49-c12 position-relative h-element\">\n                  <!---->\n                  <div class=\"d-inline-block container-counters\">\n                    <!---->\n                    <div class=\"counter-container d-flex justify-content-lg-center justify-content-md-center justify-content-center\">\n                      <!---->\n                      <div class=\"d-flex align-items-center\"><span class=\"h-svg-icon\"><!--Icon by Icons8 Line Awesome (https:\/\/icons8.com\/line-awesome)--><svg version=\"1.1\" xmlns=\"http:\/\/www.w3.org\/2000\/svg\" xmlns:xlink=\"http:\/\/www.w3.org\/1999\/xlink\" id=\"leaf\" viewBox=\"0 0 512 545.5\"><path d=\"M400.5 96l5 17.5s26.5 89.852 26.5 215c0 63.926-14.74 106.186-37.5 132.5s-52.894 35-77.5 35c-27.645 0-51.295-12.546-70-25.5s-34.633-27.689-37.5-29.5l17-27c11.26 7.116 22.365 18.826 38.5 30s34.764 20 52 20c17.33 0 36.812-5.282 53-24s30-52.515 30-111.5c0-104.02-16.347-170.547-21.5-190-55.068 20.418-119.215 29.69-171 48-28.617 10.117-52.54 22.984-69 41S112 268.736 112 304c0 31.01 16.935 50.286 35.5 63.5 9.643 6.863 18.992 11.174 26 14 27.515-43.906 69.69-98.517 135-168.5l23 22c-108.93 116.724-150.854 189.68-166 234-7.573 22.16-8.485 37.122-8 48s3.47 16.933 2.5 28.5l-32-3c-.026.32-1.855-9.552-2.5-24s.755-34.41 9.5-60c4.84-14.16 12.1-30.69 22-49-8.192-3.648-17.916-8.822-28-16-23.634-16.82-49-46.35-49-89.5 0-41.68 13.332-74.283 35-98s50.693-38.432 82-49.5c62.614-22.137 136.144-30.534 187-53z\"><\/path><\/svg><\/span>                        <span class=\"h-counter-control simple-counter colibri-counter-4 \">\n  0\n<\/span><\/div>\n                    <\/div>\n                    <div class=\"counter-title d-flex title-number justify-content-lg-center justify-content-md-center justify-content-center\">\n                      KIT DE ADN REALIZADOS\n                    <\/div>\n                  <\/div>\n                <\/div>\n              <\/div>\n            <\/div>\n          <\/div>\n          <div class=\"h-column h-column-container d-flex h-col-lg-3 h-col-md-3 h-col-6 style-1016-outer style-local-49-c13-outer\">\n            <div data-colibri-id=\"49-c13\" class=\"d-flex h-flex-basis h-column__inner h-px-lg-2 h-px-md-2 h-px-2 v-inner-lg-2 v-inner-md-2 v-inner-2 style-1016 style-local-49-c13 position-relative\">\n              <!---->\n              <!---->\n              <div class=\"w-100 h-y-container h-column__content h-column__v-align flex-basis-100 align-self-lg-start align-self-md-start align-self-start\">\n                <!---->\n                <div data-colibri-component=\"counter\" data-colibri-id=\"49-c14\" class=\"h-counter style-1017 style-local-49-c14 position-relative h-element\">\n                  <!---->\n                  <div class=\"d-inline-block container-counters\">\n                    <!---->\n                    <div class=\"counter-container d-flex justify-content-lg-center justify-content-md-center justify-content-center\">\n                      <!---->\n                      <div class=\"d-flex align-items-center\"><span class=\"h-svg-icon\"><!--Icon by Icons8 Line Awesome (https:\/\/icons8.com\/line-awesome)--><svg version=\"1.1\" xmlns=\"http:\/\/www.w3.org\/2000\/svg\" xmlns:xlink=\"http:\/\/www.w3.org\/1999\/xlink\" id=\"smile-o\" viewBox=\"0 0 512 545.5\"><path d=\"M256 96c105.85 0 192 86.15 192 192s-86.15 192-192 192S64 393.85 64 288 150.15 96 256 96zm0 32c-88.555 0-160 71.445-160 160s71.445 160 160 160 160-71.445 160-160-71.445-160-160-160zm-72 96c13.255 0 24 10.745 24 24s-10.745 24-24 24-24-10.745-24-24 10.745-24 24-24zm144 0c13.255 0 24 10.745 24 24s-10.745 24-24 24-24-10.745-24-24 10.745-24 24-24zM173 336c16.62 28.683 47.385 48 83 48s66.38-19.317 83-48l27.5 16c-22.133 38.197-63.267 64-110.5 64s-88.367-25.803-110.5-64z\"><\/path><\/svg><\/span>                        <span class=\"h-counter-control simple-counter colibri-counter-4 \">\n  0\n<\/span><\/div>\n                    <\/div>\n                    <div class=\"counter-title d-flex title-number justify-content-lg-center justify-content-md-center justify-content-center\">\n                      CLIENTES FELICES\n                    <\/div>\n                  <\/div>\n                <\/div>\n              <\/div>\n            <\/div>\n          <\/div>\n          <div class=\"h-column h-column-container d-flex h-col-lg-3 h-col-md-3 h-col-6 style-1016-outer style-local-49-c15-outer\">\n            <div data-colibri-id=\"49-c15\" class=\"d-flex h-flex-basis h-column__inner h-px-lg-2 h-px-md-2 h-px-2 v-inner-lg-2 v-inner-md-2 v-inner-2 style-1016 style-local-49-c15 position-relative\">\n              <!---->\n              <!---->\n              <div class=\"w-100 h-y-container h-column__content h-column__v-align flex-basis-100 align-self-lg-start align-self-md-start align-self-start\">\n                <!---->\n                <div data-colibri-component=\"counter\" data-colibri-id=\"49-c16\" class=\"h-counter style-1017 style-local-49-c16 position-relative h-element\">\n                  <!---->\n                  <div class=\"d-inline-block container-counters\">\n                    <!---->\n                    <div class=\"counter-container d-flex justify-content-lg-center justify-content-md-center justify-content-center\">\n                      <!---->\n                      <div class=\"d-flex align-items-center\"><span class=\"h-svg-icon\"><!--Icon by Icons8 Line Awesome (https:\/\/icons8.com\/line-awesome)--><svg version=\"1.1\" xmlns=\"http:\/\/www.w3.org\/2000\/svg\" xmlns:xlink=\"http:\/\/www.w3.org\/1999\/xlink\" id=\"hand-grab-o\" viewBox=\"0 0 512 545.5\"><path d=\"M240 128c17 0 31.963 9.003 40.5 22.5 6.98-3.98 14.963-6.5 23.5-6.5 17 0 31.963 9.003 40.5 22.5 6.98-3.98 14.963-6.5 23.5-6.5 26.32 0 48 21.68 48 48v144c0 61.67-50.33 112-112 112h-84.5c-32.208 0-62.744-13.796-84-38l-38-43c-22.064-25.102-23.444-63.062-3-89.5l33.5-43V192c0-26.32 21.68-48 48-48 8.537 0 16.52 2.52 23.5 6.5C208.037 137.003 223 128 240 128zm0 32c-9.04 0-16 6.96-16 16v48h-32v-32c0-9.04-6.96-16-16-16s-16 6.96-16 16v128h-32v-17l-8 10.5c-11.204 14.49-10.58 34.255 1.5 48l38 43.5c15.192 17.3 36.976 27 60 27H304c44.38 0 80-35.62 80-80V208c0-9.04-6.96-16-16-16s-16 6.96-16 16v16h-32v-32c0-9.04-6.96-16-16-16s-16 6.96-16 16v32h-32v-48c0-9.04-6.96-16-16-16z\"><\/path><\/svg><\/span>                        <span class=\"h-counter-control simple-counter colibri-counter-4 \">\n  0\n<\/span><\/div>\n                    <\/div>\n                    <div class=\"counter-title d-flex title-number justify-content-lg-center justify-content-md-center justify-content-center\">\n                      EXAMENES DE PATERNIDAD\n                    <\/div>\n                  <\/div>\n                <\/div>\n              <\/div>\n            <\/div>\n          <\/div>\n          <div class=\"h-column h-column-container d-flex h-col-lg-3 h-col-md-3 h-col-6 style-1016-outer style-local-49-c17-outer\">\n            <div data-colibri-id=\"49-c17\" class=\"d-flex h-flex-basis h-column__inner h-px-lg-2 h-px-md-2 h-px-2 v-inner-lg-2 v-inner-md-2 v-inner-2 style-1016 style-local-49-c17 position-relative\">\n              <!---->\n              <!---->\n              <div class=\"w-100 h-y-container h-column__content h-column__v-align flex-basis-100 align-self-lg-start align-self-md-start align-self-start\">\n                <!---->\n                <div data-colibri-component=\"counter\" data-colibri-id=\"49-c18\" class=\"h-counter style-1017 style-local-49-c18 position-relative h-element\">\n                  <!---->\n                  <div class=\"d-inline-block container-counters\">\n                    <!---->\n                    <div class=\"counter-container d-flex justify-content-lg-center justify-content-md-center justify-content-center\">\n                      <!---->\n                      <div class=\"d-flex align-items-center\"><span class=\"h-svg-icon\"><!--Icon by Ionicons (https:\/\/ionicons.com)--><svg version=\"1.1\" xmlns=\"http:\/\/www.w3.org\/2000\/svg\" xmlns:xlink=\"http:\/\/www.w3.org\/1999\/xlink\" id=\"android-list\" viewBox=\"0 0 384 512\"><path d=\"M344 64c22 0 40 18 40 40v304c0 22-18 40-40 40H40c-22 0-40-18-40-40V104c0-22 18-40 40-40h304zM240 368v-48H80v48h160zm64-88v-48H80v48h224zm0-88v-48H80v48h224z\"><\/path><\/svg><\/span>                        <span class=\"h-counter-control simple-counter colibri-counter-4 \">\n  0\n<\/span><\/div>\n                    <\/div>\n                    <div class=\"counter-title d-flex title-number justify-content-lg-center justify-content-md-center justify-content-center\">\n                      DIAGNOSTICOS ENTREGADOS\n                    <\/div>\n                  <\/div>\n                <\/div>\n              <\/div>\n            <\/div>\n          <\/div>\n        <\/div>\n      <\/div>\n    <\/div>\n  <\/div>\n<\/div>","protected":false},"excerpt":{"rendered":"<p>Conoce mas sobre nuestra empresa especialistas en ex\u00e1menes de ADN Laboratorio BIOSUR es una red de laboratorios privados con sedes en las ciudades de Asunci\u00f3n y Encarnaci\u00f3n que en sus 25 a\u00f1os de existencia se ha consolidado como un laboratorio de referencia para cientos de m\u00e9dicos y pacientes. Laboratorios BIOSUR posee tecnolog\u00eda de vanguardia y [&hellip;]<\/p>\n","protected":false},"author":1,"featured_media":0,"parent":0,"menu_order":0,"comment_status":"closed","ping_status":"closed","template":"page-templates\/full-width-page.php","meta":{"footnotes":""},"class_list":["post-49","page","type-page","status-publish","hentry"],"_links":{"self":[{"href":"https:\/\/www.adn-paraguay.com\/standard\/wp-json\/wp\/v2\/pages\/49","targetHints":{"allow":["GET"]}}],"collection":[{"href":"https:\/\/www.adn-paraguay.com\/standard\/wp-json\/wp\/v2\/pages"}],"about":[{"href":"https:\/\/www.adn-paraguay.com\/standard\/wp-json\/wp\/v2\/types\/page"}],"author":[{"embeddable":true,"href":"https:\/\/www.adn-paraguay.com\/standard\/wp-json\/wp\/v2\/users\/1"}],"replies":[{"embeddable":true,"href":"https:\/\/www.adn-paraguay.com\/standard\/wp-json\/wp\/v2\/comments?post=49"}],"version-history":[{"count":14,"href":"https:\/\/www.adn-paraguay.com\/standard\/wp-json\/wp\/v2\/pages\/49\/revisions"}],"predecessor-version":[{"id":4893,"href":"https:\/\/www.adn-paraguay.com\/standard\/wp-json\/wp\/v2\/pages\/49\/revisions\/4893"}],"wp:attachment":[{"href":"https:\/\/www.adn-paraguay.com\/standard\/wp-json\/wp\/v2\/media?parent=49"}],"curies":[{"name":"wp","href":"https:\/\/api.w.org\/{rel}","templated":true}]}}